{"id":111,"date":"2024-04-15T13:00:33","date_gmt":"2024-04-15T10:00:33","guid":{"rendered":"https:\/\/www.transfem.fi\/?page_id=111"},"modified":"2025-10-08T13:47:50","modified_gmt":"2025-10-08T10:47:50","slug":"laaketieteellinen-neuvonta","status":"publish","type":"page","link":"https:\/\/www.transfeminiinit.fi\/index.php\/toiminta\/laaketieteellinen-neuvonta\/","title":{"rendered":"L\u00e4\u00e4ketieteellinen neuvonta"},"content":{"rendered":"\n<div class=\"wp-block-group alignfull has-background\" style=\"background-color:#ffe8f4\"><div class=\"wp-block-group__inner-container is-layout-flow wp-block-group-is-layout-flow\">\n<div class=\"wp-block-media-text alignwide has-media-on-the-right is-stacked-on-mobile tw-stack-md tw-media-bottom\" style=\"grid-template-columns:auto 44%\"><div class=\"wp-block-media-text__content\">\n<h1 class=\"wp-block-heading\" style=\"font-size:42px\">L\u00e4\u00e4ketieteellinen neuvonta<\/h1>\n<\/div><figure class=\"wp-block-media-text__media\"><img loading=\"lazy\" decoding=\"async\" width=\"900\" height=\"601\" src=\"https:\/\/www.transfem.fi\/wp-content\/uploads\/2024\/04\/iStock-1326044645.jpg\" alt=\"Kuvassa on henkil\u00f6it\u00e4 k\u00e4velem\u00e4ss\u00e4 kadulla. Kuvassa n\u00e4kyy vain heid\u00e4n jalat vy\u00f6t\u00e4r\u00f6st\u00e4 alasp\u00e4in. Kuvassa on my\u00f6s trans-lipun v\u00e4rit oikealla puolella.\" class=\"wp-image-202 size-full\" srcset=\"https:\/\/www.transfeminiinit.fi\/wp-content\/uploads\/2024\/04\/iStock-1326044645.jpg 900w, https:\/\/www.transfeminiinit.fi\/wp-content\/uploads\/2024\/04\/iStock-1326044645-300x200.jpg 300w, https:\/\/www.transfeminiinit.fi\/wp-content\/uploads\/2024\/04\/iStock-1326044645-768x513.jpg 768w\" sizes=\"auto, (max-width: 900px) 100vw, 900px\" \/><\/figure><\/div>\n<\/div><\/div>\n\n\n\n<div class=\"wp-block-group\" style=\"padding-top:var(--wp--preset--spacing--80);padding-bottom:var(--wp--preset--spacing--80)\"><div class=\"wp-block-group__inner-container is-layout-constrained wp-block-group-is-layout-constrained\">\n<p class=\"has-large-font-size\">Tarjoamme ilmaista ja yleist\u00e4 l\u00e4\u00e4ketieteellist\u00e4 neuvontaa l\u00e4\u00e4ketieteellisen asiantuntijamme omien erikoisalojen puitteissa. Neuvontaa tarjoaa vapaaehtoisena Henrik Rosvall,  l\u00e4\u00e4ketieteen lisensiaatti, psykiatrian, sis\u00e4tautien ja nefrologian erikoisl\u00e4\u00e4k\u00e4ri. Neuvonnan tavoitteena on tukea transihmisten parempaa terveytt\u00e4.<\/p>\n\n\n\n<p class=\"has-large-font-size\">Henrik on taustaltaan transmaskuliini ja on toiminut aikoinaan monessa sateenkaarij\u00e4rjest\u00f6ss\u00e4. H\u00e4n toimii my\u00f6s Transfeminiinit ry:ll\u00e4 l\u00e4\u00e4ketieteellisen\u00e4 asiantuntijana mm. vaikutusviestint\u00e4\u00e4 varten. <\/p>\n\n\n\n<p class=\"has-large-font-size\">Henrikin tavoittaa parhaiten s\u00e4hk\u00f6postilla medical@transfeminiinit.fi<\/p>\n\n\n\n<p class=\"has-large-font-size\">Service ges \u00e4ven p\u00e5 svenska<br>Service also available in English<\/p>\n<\/div><\/div>\n\n\n\n<h2 class=\"wp-block-heading has-large-font-size\">L\u00e4\u00e4ketieteellisen neuvojan tervehdys<\/h2>\n\n\n\n<p><br>Hei! Olen Henrik, transmaskuliini. Olen sis\u00e4tautien ja psykiatrian erikoisl\u00e4\u00e4k\u00e4ri, ja olen ryhtynyt vapaaehtoisty\u00f6h\u00f6n Transfeminiinit&nbsp;ry:n palvelukseen. Toimin l\u00e4\u00e4ketieteellisen\u00e4&nbsp;asiantuntijana, ja vastaan mielell\u00e4ni transasioihin&nbsp;liittyviin kysymyksiin. Henkil\u00f6kohtaisiin terveysasioihin en voi puuttua, mutta yleisell\u00e4 tasolla voi kysy\u00e4 mit\u00e4 tahansa transsukupuolisuutta (prosessi, hoidot, vertaistuki&nbsp;yms.) koskevaa asiaa. Tarkoitukseni on lis\u00e4ksi kouluttautua vertaistukiryhm\u00e4n ohjaajaksi muun ohessa. Ota rohkeasti yhteytt\u00e4! Opin varmasti itsekin aina lis\u00e4\u00e4 kysymysten ja kommenttien my\u00f6t\u00e4.<\/p>\n\n\n\n<p><strong>Henrik Rosvall<\/strong><\/p>\n\n\n\n<div class=\"wp-block-group\" style=\"padding-top:var(--wp--preset--spacing--80);padding-bottom:var(--wp--preset--spacing--80)\"><div class=\"wp-block-group__inner-container is-layout-constrained wp-block-group-is-layout-constrained\">\n<figure class=\"wp-block-image size-large is-resized\"><img loading=\"lazy\" decoding=\"async\" width=\"768\" height=\"1024\" src=\"https:\/\/www.transfeminiinit.fi\/wp-content\/uploads\/2025\/09\/image-768x1024.png\" alt=\"\" class=\"wp-image-880\" style=\"width:302px;height:auto\" srcset=\"https:\/\/www.transfeminiinit.fi\/wp-content\/uploads\/2025\/09\/image-768x1024.png 768w, https:\/\/www.transfeminiinit.fi\/wp-content\/uploads\/2025\/09\/image-225x300.png 225w, https:\/\/www.transfeminiinit.fi\/wp-content\/uploads\/2025\/09\/image-1152x1536.png 1152w, https:\/\/www.transfeminiinit.fi\/wp-content\/uploads\/2025\/09\/image-1200x1600.png 1200w, https:\/\/www.transfeminiinit.fi\/wp-content\/uploads\/2025\/09\/image.png 1536w\" sizes=\"auto, (max-width: 768px) 100vw, 768px\" \/><figcaption class=\"wp-element-caption\">Henrik<\/figcaption><\/figure>\n<\/div><\/div>\n","protected":false},"excerpt":{"rendered":"<p>L\u00e4\u00e4ketieteellinen neuvonta Tarjoamme ilmaista ja yleist\u00e4 l\u00e4\u00e4ketieteellist\u00e4 neuvontaa l\u00e4\u00e4ketieteellisen asiantuntijamme omien erikoisalojen puitteissa. Neuvontaa tarjoaa vapaaehtoisena Henrik Rosvall, l\u00e4\u00e4ketieteen lisensiaatti, psykiatrian, sis\u00e4tautien ja nefrologian erikoisl\u00e4\u00e4k\u00e4ri. Neuvonnan tavoitteena on tukea transihmisten parempaa terveytt\u00e4. Henrik on taustaltaan transmaskuliini ja on toiminut aikoinaan monessa sateenkaarij\u00e4rjest\u00f6ss\u00e4. H\u00e4n toimii my\u00f6s Transfeminiinit ry:ll\u00e4 l\u00e4\u00e4ketieteellisen\u00e4 asiantuntijana mm. vaikutusviestint\u00e4\u00e4 varten. Henrikin tavoittaa parhaiten&hellip;<\/p>\n","protected":false},"author":2,"featured_media":0,"parent":90,"menu_order":0,"comment_status":"closed","ping_status":"closed","template":"tw-no-title.php","meta":{"footnotes":""},"class_list":["post-111","page","type-page","status-publish","hentry"],"_links":{"self":[{"href":"https:\/\/www.transfeminiinit.fi\/index.php\/wp-json\/wp\/v2\/pages\/111","targetHints":{"allow":["GET"]}}],"collection":[{"href":"https:\/\/www.transfeminiinit.fi\/index.php\/wp-json\/wp\/v2\/pages"}],"about":[{"href":"https:\/\/www.transfeminiinit.fi\/index.php\/wp-json\/wp\/v2\/types\/page"}],"author":[{"embeddable":true,"href":"https:\/\/www.transfeminiinit.fi\/index.php\/wp-json\/wp\/v2\/users\/2"}],"replies":[{"embeddable":true,"href":"https:\/\/www.transfeminiinit.fi\/index.php\/wp-json\/wp\/v2\/comments?post=111"}],"version-history":[{"count":34,"href":"https:\/\/www.transfeminiinit.fi\/index.php\/wp-json\/wp\/v2\/pages\/111\/revisions"}],"predecessor-version":[{"id":959,"href":"https:\/\/www.transfeminiinit.fi\/index.php\/wp-json\/wp\/v2\/pages\/111\/revisions\/959"}],"up":[{"embeddable":true,"href":"https:\/\/www.transfeminiinit.fi\/index.php\/wp-json\/wp\/v2\/pages\/90"}],"wp:attachment":[{"href":"https:\/\/www.transfeminiinit.fi\/index.php\/wp-json\/wp\/v2\/media?parent=111"}],"curies":[{"name":"wp","href":"https:\/\/api.w.org\/{rel}","templated":true}]}}