{"id":15,"date":"2024-04-03T15:14:00","date_gmt":"2024-04-03T12:14:00","guid":{"rendered":"https:\/\/www.transfem.fi\/?page_id=15"},"modified":"2025-07-02T13:51:46","modified_gmt":"2025-07-02T10:51:46","slug":"etusivu","status":"publish","type":"page","link":"https:\/\/www.transfeminiinit.fi\/","title":{"rendered":"Etusivu"},"content":{"rendered":"\n<div class=\"wp-block-group alignfull blue has-background\" style=\"background-color:#daf5ff\"><div class=\"wp-block-group__inner-container is-layout-flow wp-block-group-is-layout-flow\">\n<div class=\"wp-block-media-text alignwide has-media-on-the-right is-stacked-on-mobile tw-stack-md\"><div class=\"wp-block-media-text__content\">\n<h2 class=\"wp-block-heading has-text-color has-link-color wp-elements-4fac3fd7da137a5275a9e709b0407723\" style=\"color:#174074\">Toiminta<\/h2>\n\n\n\n<p class=\"has-large-font-size\">J\u00e4rjest\u00e4mme vertaistukea transfeminiineille ryhmiss\u00e4 ja yksil\u00f6in\u00e4, sek\u00e4 muuta toimintaa kaikille trans- ja sateenkaari-ihmisille.<\/p>\n\n\n\n<p>Vertaistuen lis\u00e4ksi j\u00e4rjest\u00e4mme mm. kaikille sateenkaari-ihmisille avoimia lautapeli-iltoja, tanssikursseja sateenkaarinuorille sek\u00e4 vapaamuotoisempia tapahtumia yhdess\u00e4 yhteisty\u00f6kumppaniemme kanssa.<\/p>\n\n\n\n<p>Olemme lis\u00e4ksi vuosittain mukana useissa pride-tapahtumissa j\u00e4rjest\u00e4m\u00e4ss\u00e4 ohjelmaa.<\/p>\n\n\n\n<p>Tervetuloa mukaan toimintaan!<\/p>\n\n\n\n<div class=\"wp-block-buttons is-layout-flex wp-block-buttons-is-layout-flex\">\n<div class=\"wp-block-button\"><a class=\"wp-block-button__link has-background wp-element-button\" href=\"https:\/\/www.transfeminiinit.fi\/index.php\/tapahtumakalenteri\/\" style=\"background-color:#174074\">Kurkkaa tapahtumakalenteriin<\/a><\/div>\n<\/div>\n<\/div><figure class=\"wp-block-media-text__media\"><img loading=\"lazy\" decoding=\"async\" width=\"1024\" height=\"724\" src=\"https:\/\/www.transfem.fi\/wp-content\/uploads\/2024\/04\/transfemry_group-1024x724.png\" alt=\"\" class=\"wp-image-189 size-full\" srcset=\"https:\/\/www.transfeminiinit.fi\/wp-content\/uploads\/2024\/04\/transfemry_group-1024x724.png 1024w, https:\/\/www.transfeminiinit.fi\/wp-content\/uploads\/2024\/04\/transfemry_group-300x212.png 300w, https:\/\/www.transfeminiinit.fi\/wp-content\/uploads\/2024\/04\/transfemry_group-768x543.png 768w, https:\/\/www.transfeminiinit.fi\/wp-content\/uploads\/2024\/04\/transfemry_group-1536x1086.png 1536w, https:\/\/www.transfeminiinit.fi\/wp-content\/uploads\/2024\/04\/transfemry_group-2048x1448.png 2048w, https:\/\/www.transfeminiinit.fi\/wp-content\/uploads\/2024\/04\/transfemry_group-1200x848.png 1200w, https:\/\/www.transfeminiinit.fi\/wp-content\/uploads\/2024\/04\/transfemry_group-1980x1400.png 1980w\" sizes=\"auto, (max-width: 1024px) 100vw, 1024px\" \/><\/figure><\/div>\n<\/div><\/div>\n\n\n\n<section class=\"wp-block-group alignfull has-background\" style=\"background-color:#fefefe\"><div class=\"wp-block-group__inner-container is-layout-flow wp-block-group-is-layout-flow\">\n<h2 class=\"wp-block-heading alignwide has-text-align-left has-text-color has-link-color wp-elements-e3d2c23f8751d8fdd9846ddcce838984\" style=\"color:#741d3e\">Uutisvirta<\/h2>\n\n\n<ul style=\"padding-right:0;padding-left:0;padding-top:0;padding-bottom:0;\" class=\"wp-block-latest-posts__list is-grid columns-4 has-dates alignwide tw-heading-size-small tw-stretched-link tw-img-ratio-3-2 is-style-tw-posts-card wp-block-latest-posts\"><li><a class=\"wp-block-latest-posts__post-title\" href=\"https:\/\/www.transfeminiinit.fi\/index.php\/transnuorten-kohtaaminen-liikuntaharrastuksissa-eoy-transfeminiinit-ry\/\">Transnuorten kohtaaminen liikuntaharrastuksissa &#8211; EOY &amp; Transfeminiinit ry<\/a><time datetime=\"2026-04-13T13:00:47+03:00\" class=\"wp-block-latest-posts__post-date\">13 huhtikuun, 2026<\/time><\/li>\n<li><a class=\"wp-block-latest-posts__post-title\" href=\"https:\/\/www.transfeminiinit.fi\/index.php\/transnaiset-ovat-naisia-nain-paatettiin-euroopan-parlamentissa\/\">Transnaiset ovat naisia, n\u00e4in p\u00e4\u00e4tettiin Euroopan parlamentissa.<\/a><time datetime=\"2026-02-19T10:18:23+02:00\" class=\"wp-block-latest-posts__post-date\">19 helmikuun, 2026<\/time><\/li>\n<li><a class=\"wp-block-latest-posts__post-title\" href=\"https:\/\/www.transfeminiinit.fi\/index.php\/enemman-yhdessa-ystavanpaiva-etkot-13-2-klo-1030-1500\/\">\u200b\u200bEnemm\u00e4n yhdess\u00e4 &#8211; Yst\u00e4v\u00e4np\u00e4iv\u00e4 etkot 13.2 \u200bklo 10:30 &#8211; 15:00<\/a><time datetime=\"2026-02-03T13:36:20+02:00\" class=\"wp-block-latest-posts__post-date\">3 helmikuun, 2026<\/time><\/li>\n<li><a class=\"wp-block-latest-posts__post-title\" href=\"https:\/\/www.transfeminiinit.fi\/index.php\/vastaa-kyselyyn-helsingin-tulevasta-toiminnasta\/\">Vastaa kyselyyn Helsingin tulevasta toiminnasta!<\/a><time datetime=\"2026-01-14T15:39:59+02:00\" class=\"wp-block-latest-posts__post-date\">14 tammikuun, 2026<\/time><\/li>\n<li><a class=\"wp-block-latest-posts__post-title\" href=\"https:\/\/www.transfeminiinit.fi\/index.php\/oulun-ryhmat-ovat-tauolla-tammikuussa-support-groups-in-oulu-are-on-break-through-january\/\">Oulun ryhm\u00e4t ovat tauolla tammikuussa\/Support groups in Oulu are on break through January<\/a><time datetime=\"2026-01-05T13:16:42+02:00\" class=\"wp-block-latest-posts__post-date\">5 tammikuun, 2026<\/time><\/li>\n<li><div class=\"wp-block-latest-posts__featured-image\"><img loading=\"lazy\" decoding=\"async\" width=\"700\" height=\"366\" src=\"https:\/\/www.transfeminiinit.fi\/wp-content\/uploads\/2025\/12\/terv_alantaikuttajat_2025_kuva_digi-2048x1072-1-1024x536.jpg\" class=\"attachment-large size-large wp-post-image\" alt=\"\" style=\"\" srcset=\"https:\/\/www.transfeminiinit.fi\/wp-content\/uploads\/2025\/12\/terv_alantaikuttajat_2025_kuva_digi-2048x1072-1-1024x536.jpg 1024w, https:\/\/www.transfeminiinit.fi\/wp-content\/uploads\/2025\/12\/terv_alantaikuttajat_2025_kuva_digi-2048x1072-1-300x157.jpg 300w, https:\/\/www.transfeminiinit.fi\/wp-content\/uploads\/2025\/12\/terv_alantaikuttajat_2025_kuva_digi-2048x1072-1-768x402.jpg 768w, https:\/\/www.transfeminiinit.fi\/wp-content\/uploads\/2025\/12\/terv_alantaikuttajat_2025_kuva_digi-2048x1072-1-1536x804.jpg 1536w, https:\/\/www.transfeminiinit.fi\/wp-content\/uploads\/2025\/12\/terv_alantaikuttajat_2025_kuva_digi-2048x1072-1-1200x628.jpg 1200w, https:\/\/www.transfeminiinit.fi\/wp-content\/uploads\/2025\/12\/terv_alantaikuttajat_2025_kuva_digi-2048x1072-1-1980x1036.jpg 1980w, https:\/\/www.transfeminiinit.fi\/wp-content\/uploads\/2025\/12\/terv_alantaikuttajat_2025_kuva_digi-2048x1072-1.jpg 2048w\" sizes=\"auto, (max-width: 700px) 100vw, 700px\" \/><\/div><a class=\"wp-block-latest-posts__post-title\" href=\"https:\/\/www.transfeminiinit.fi\/index.php\/vuoden-2025-terveysalan-vaikuttajat\/\">Kiitoksemme Duodecimille valinnasta listata Tanja von Knorring vuoden terveysalan vaikuttajaksi<\/a><time datetime=\"2025-12-16T16:02:33+02:00\" class=\"wp-block-latest-posts__post-date\">16 joulukuun, 2025<\/time><\/li>\n<li><a class=\"wp-block-latest-posts__post-title\" href=\"https:\/\/www.transfeminiinit.fi\/index.php\/etyj-konferenssi-2025\/\">Transfeminiinit ry:n toiminnanjohtaja Tanja von Knorring osallistui Wieniss\u00e4 ETYJ-konferensiin<\/a><time datetime=\"2025-12-10T16:29:57+02:00\" class=\"wp-block-latest-posts__post-date\">10 joulukuun, 2025<\/time><\/li>\n<li><a class=\"wp-block-latest-posts__post-title\" href=\"https:\/\/www.transfeminiinit.fi\/index.php\/elc-hallitus-2023-25\/\">EL*C hallitus 2023-25 kokoontuu viimeist\u00e4 kertaa t\u00e4ll\u00e4 viikolla.<\/a><time datetime=\"2025-12-03T13:08:36+02:00\" class=\"wp-block-latest-posts__post-date\">3 joulukuun, 2025<\/time><\/li>\n<\/ul>\n\n\n<div class=\"wp-block-buttons alignwide tw-mt-0 is-layout-flex wp-block-buttons-is-layout-flex\">\n<div class=\"wp-block-button\"><a class=\"wp-block-button__link wp-element-button\" href=\"https:\/\/www.transfem.fi\/?page_id=18\">Uutishuoneelle<\/a><\/div>\n<\/div>\n<\/div><\/section>\n\n\n\n<div class=\"wp-block-group alignfull\"><div class=\"wp-block-group__inner-container is-layout-flow wp-block-group-is-layout-flow\">\n<div class=\"wp-block-media-text alignwide is-stacked-on-mobile tw-stack-md\"><figure class=\"wp-block-media-text__media\"><img loading=\"lazy\" decoding=\"async\" width=\"903\" height=\"1024\" src=\"https:\/\/www.transfem.fi\/wp-content\/uploads\/2024\/04\/transfemry_think-903x1024.png\" alt=\"\" class=\"wp-image-191 size-full\" srcset=\"https:\/\/www.transfeminiinit.fi\/wp-content\/uploads\/2024\/04\/transfemry_think-903x1024.png 903w, https:\/\/www.transfeminiinit.fi\/wp-content\/uploads\/2024\/04\/transfemry_think-264x300.png 264w, https:\/\/www.transfeminiinit.fi\/wp-content\/uploads\/2024\/04\/transfemry_think-768x871.png 768w, https:\/\/www.transfeminiinit.fi\/wp-content\/uploads\/2024\/04\/transfemry_think-1354x1536.png 1354w, https:\/\/www.transfeminiinit.fi\/wp-content\/uploads\/2024\/04\/transfemry_think-1806x2048.png 1806w, https:\/\/www.transfeminiinit.fi\/wp-content\/uploads\/2024\/04\/transfemry_think-1200x1361.png 1200w, https:\/\/www.transfeminiinit.fi\/wp-content\/uploads\/2024\/04\/transfemry_think-1980x2246.png 1980w\" sizes=\"auto, (max-width: 903px) 100vw, 903px\" \/><\/figure><div class=\"wp-block-media-text__content\">\n<h2 class=\"wp-block-heading has-text-color has-link-color wp-elements-29a41b6563d659429a3a3146b7df4429\" style=\"color:#741d3e\">Liity j\u00e4seneksi!<\/h2>\n\n\n\n<p>Paras keino tukea toimintaamme ja tulla mukaan on liitty\u00e4 yhdistyksen j\u00e4seneksi. J\u00e4senmaksut mahdollistavat yhdistyksemme j\u00e4rjest\u00e4m\u00e4n vertaistukitoiminnan ja ihmisoikeusty\u00f6n jatkumisen nyt ja tulevaisuudessa.<\/p>\n\n\n\n<p>Muistathan, ett\u00e4 voit osallistua toimintaamme ja ryhmiimme maksutta, vaikka et olisikaan yhdistyksen j\u00e4sen, ellei tapahtuman kuvauksessa ole toisin erikseen ilmoitettu.<\/p>\n\n\n\n<p>J\u00e4senen\u00e4 saat \u00e4\u00e4nioikeuden yhdistyksen kev\u00e4t- ja syyskokouksissa, sek\u00e4 erilaisia etuja yhteisty\u00f6kumppaneiltamme. Liittyess\u00e4si yhdistyksen j\u00e4seneksi hyv\u00e4ksyt yhdistyksen s\u00e4\u00e4nn\u00f6t, turvallisemman tilan periaatteet ja rekisteriselosteen.<\/p>\n\n\n\n<div class=\"wp-block-buttons is-layout-flex wp-block-buttons-is-layout-flex\">\n<div class=\"wp-block-button\"><a class=\"wp-block-button__link wp-element-button\" href=\"https:\/\/www.transfem.fi\/?page_id=87\">Liity j\u00e4seneksi<\/a><\/div>\n<\/div>\n<\/div><\/div>\n<\/div><\/div>\n","protected":false},"excerpt":{"rendered":"<p>Toiminta J\u00e4rjest\u00e4mme vertaistukea transfeminiineille ryhmiss\u00e4 ja yksil\u00f6in\u00e4, sek\u00e4 muuta toimintaa kaikille trans- ja sateenkaari-ihmisille. Vertaistuen lis\u00e4ksi j\u00e4rjest\u00e4mme mm. kaikille sateenkaari-ihmisille avoimia lautapeli-iltoja, tanssikursseja sateenkaarinuorille sek\u00e4 vapaamuotoisempia tapahtumia yhdess\u00e4 yhteisty\u00f6kumppaniemme kanssa. Olemme lis\u00e4ksi vuosittain mukana useissa pride-tapahtumissa j\u00e4rjest\u00e4m\u00e4ss\u00e4 ohjelmaa. Tervetuloa mukaan toimintaan! Uutisvirta Liity j\u00e4seneksi! Paras keino tukea toimintaamme ja tulla mukaan on liitty\u00e4 yhdistyksen j\u00e4seneksi.&hellip;<\/p>\n","protected":false},"author":3,"featured_media":14,"parent":0,"menu_order":0,"comment_status":"closed","ping_status":"closed","template":"tw-no-title.php","meta":{"footnotes":""},"class_list":["post-15","page","type-page","status-publish","has-post-thumbnail","hentry"],"_links":{"self":[{"href":"https:\/\/www.transfeminiinit.fi\/index.php\/wp-json\/wp\/v2\/pages\/15","targetHints":{"allow":["GET"]}}],"collection":[{"href":"https:\/\/www.transfeminiinit.fi\/index.php\/wp-json\/wp\/v2\/pages"}],"about":[{"href":"https:\/\/www.transfeminiinit.fi\/index.php\/wp-json\/wp\/v2\/types\/page"}],"author":[{"embeddable":true,"href":"https:\/\/www.transfeminiinit.fi\/index.php\/wp-json\/wp\/v2\/users\/3"}],"replies":[{"embeddable":true,"href":"https:\/\/www.transfeminiinit.fi\/index.php\/wp-json\/wp\/v2\/comments?post=15"}],"version-history":[{"count":36,"href":"https:\/\/www.transfeminiinit.fi\/index.php\/wp-json\/wp\/v2\/pages\/15\/revisions"}],"predecessor-version":[{"id":776,"href":"https:\/\/www.transfeminiinit.fi\/index.php\/wp-json\/wp\/v2\/pages\/15\/revisions\/776"}],"wp:featuredmedia":[{"embeddable":true,"href":"https:\/\/www.transfeminiinit.fi\/index.php\/wp-json\/wp\/v2\/media\/14"}],"wp:attachment":[{"href":"https:\/\/www.transfeminiinit.fi\/index.php\/wp-json\/wp\/v2\/media?parent=15"}],"curies":[{"name":"wp","href":"https:\/\/api.w.org\/{rel}","templated":true}]}}