{"id":158,"date":"2024-04-15T14:20:39","date_gmt":"2024-04-15T11:20:39","guid":{"rendered":"https:\/\/www.transfem.fi\/?page_id=158"},"modified":"2026-05-03T22:29:19","modified_gmt":"2026-05-03T19:29:19","slug":"vaikuttaminen","status":"publish","type":"page","link":"https:\/\/www.transfeminiinit.fi\/index.php\/toiminta\/vaikuttaminen\/","title":{"rendered":"Vaikuttaminen"},"content":{"rendered":"\n<div class=\"wp-block-group alignwide has-contrast-3-background-color has-background\"><div class=\"wp-block-group__inner-container is-layout-constrained wp-block-group-is-layout-constrained\">\n<div class=\"wp-block-group alignwide lines-bg-1 has-base-3-background-color has-background\"><div class=\"wp-block-group__inner-container is-layout-constrained wp-block-group-is-layout-constrained\">\n<h1 class=\"wp-block-heading has-text-align-center has-accent-color has-text-color has-link-color wp-elements-90fd16ea0e7265a912554c4155b118d6\" style=\"font-size:45px\">Vaikuttaminen ja vaikuttamisty\u00f6<\/h1>\n\n\n\n<hr class=\"wp-block-separator has-text-color has-contrast-3-color has-alpha-channel-opacity has-contrast-3-background-color has-background\"\/>\n\n\n\n<figure class=\"wp-block-image size-full is-style-rounded-edit\"><img loading=\"lazy\" decoding=\"async\" width=\"860\" height=\"573\" src=\"https:\/\/www.transfeminiinit.fi\/wp-content\/uploads\/2026\/04\/wrapped-in-transflag1.jpg\" alt=\"\" class=\"wp-image-1327\" srcset=\"https:\/\/www.transfeminiinit.fi\/wp-content\/uploads\/2026\/04\/wrapped-in-transflag1.jpg 860w, https:\/\/www.transfeminiinit.fi\/wp-content\/uploads\/2026\/04\/wrapped-in-transflag1-300x200.jpg 300w, https:\/\/www.transfeminiinit.fi\/wp-content\/uploads\/2026\/04\/wrapped-in-transflag1-768x512.jpg 768w\" sizes=\"auto, (max-width: 860px) 100vw, 860px\" \/><\/figure>\n\n\n\n<div style=\"height:35px\" aria-hidden=\"true\" class=\"wp-block-spacer\"><\/div>\n\n\n\n<p class=\"has-accent-color has-text-color has-link-color wp-elements-4983f187608822777aa14f93eb92b8f1\">Yhdistys on merkitt\u00e4v\u00e4 vaikuttaja transihmisten oikeuksien toteutumisen osalta Suomessa. Olimme keskeisesti mukana translain uudistuksessa ja teemme vaikuttamisty\u00f6t\u00e4 yhteisty\u00f6ss\u00e4 muiden j\u00e4rjest\u00f6jen kanssa.&nbsp;<\/p>\n\n\n\n<p class=\"has-accent-color has-text-color has-link-color wp-elements-aa26e143a210f82b3274b863a1c51247\">Pyrimme vaikuttamaan muun muassa s\u00e4\u00e4d\u00f6ksiin ja transterveydenhoidon saatavuuteen &#8211; perustavia tekij\u00f6it\u00e4 hyv\u00e4lle el\u00e4m\u00e4nlaadulle.<\/p>\n\n\n\n<hr class=\"wp-block-separator has-text-color has-contrast-3-color has-alpha-channel-opacity has-contrast-3-background-color has-background\"\/>\n\n\n\n<h2 class=\"wp-block-heading has-accent-color has-text-color has-link-color has-larger-font-size wp-elements-1e27e8bd0444a99e708a33a19e6a5a2e\">Yhteisty\u00f6<\/h2>\n\n\n\n<p class=\"has-accent-color has-text-color has-link-color wp-elements-04c410505f3e559892b30fbc3c0e4104\">Teemme monimuotoista yhteisty\u00f6t\u00e4 eri toimijoiden kuten tutkimuslaitosten, hyvinvointialueiden, kaupunkien ja kuntien koulutoimen, seurakuntien ja muiden sateenkaari- ja sotej\u00e4rjest\u00f6jen kanssa, jotta transfeminiinien el\u00e4m\u00e4nlaatuun vaikuttavia tekij\u00f6it\u00e4 voidaan selvitt\u00e4\u00e4 ja siten ehk\u00e4ist\u00e4 syrj\u00e4ytymist\u00e4 ja v\u00e4hemmist\u00f6stressin syntymist\u00e4.<\/p>\n\n\n\n<p class=\"has-accent-color has-text-color has-link-color wp-elements-b20bdf8c38d961b2cfde91bfc5f748a5\">Teemme yhteisty\u00f6t\u00e4 transhenkil\u00f6iden el\u00e4m\u00e4nlaatuun vaikuttavilla alueilla l\u00e4hes jokaisessa el\u00e4m\u00e4nvaiheessa: lapsi- ja nuorisoty\u00f6ss\u00e4, opiskelussa, ty\u00f6el\u00e4m\u00e4ss\u00e4 ja vanhuudessa. Miss\u00e4 vaiheessa el\u00e4m\u00e4\u00e4si oletkin, Transfeminiinit ry yhteisty\u00f6kumppaneineen tukee sinua.<\/p>\n\n\n\n<p class=\"has-accent-color has-text-color has-link-color wp-elements-4a92d94fcc445c9911298a3248f8127b\">Olemme useamman valtakunnallisen ja kansainv\u00e4lisen yhteis\u00f6n j\u00e4senj\u00e4rjest\u00f6. Yhteis\u00f6ihin kuuluminen takaa vaikuttamisty\u00f6n aallonharjalla pysymisen trans- ja sateenkaari-ihmisten koko elinkaaren varrella, seksuaalisuus ja seksuaalinen suuntautuminen huomioiden. <\/p>\n\n\n\n<hr class=\"wp-block-separator has-text-color has-contrast-3-color has-alpha-channel-opacity has-contrast-3-background-color has-background\"\/>\n\n\n\n<h2 class=\"wp-block-heading has-accent-color has-text-color has-link-color wp-elements-ddec620b33cfd3a225ac7ba53568c1bd\" style=\"font-size:38px\">Yhteisty\u00f6\u00adkumppanimme<\/h2>\n\n\n\n<p class=\"has-accent-color has-text-color has-link-color wp-elements-dfc1ff048e3598dac396e27a76c5c8b1\"><em>P\u00e4\u00e4set tutustumaan kattoj\u00e4rjest\u00f6ihimme logoja painamalla.<\/em><\/p>\n\n\n\n<div class=\"wp-block-group is-content-justification-center is-layout-flex wp-container-core-group-is-layout-64b26803 wp-block-group-is-layout-flex\">\n<figure class=\"wp-block-image size-full wp-container-content-ca60deed\"><a href=\"https:\/\/europeanlesbianconference.org\/\"><img loading=\"lazy\" decoding=\"async\" width=\"96\" height=\"96\" src=\"https:\/\/www.transfeminiinit.fi\/wp-content\/uploads\/2026\/04\/elc-logo-96.png\" alt=\"EuroCentralAsian Lesbian Community logo\" class=\"wp-image-1304\"\/><\/a><\/figure>\n\n\n\n<figure class=\"wp-block-image size-large wp-container-content-759e20a8\"><a href=\"https:\/\/vtkl.fi\"><img loading=\"lazy\" decoding=\"async\" width=\"1024\" height=\"1024\" src=\"https:\/\/www.transfem.fi\/wp-content\/uploads\/2024\/04\/vtkl-1-1024x1024.png\" alt=\"Vanhusty\u00f6n keskusliitto logo\" class=\"wp-image-481\" srcset=\"https:\/\/www.transfeminiinit.fi\/wp-content\/uploads\/2024\/04\/vtkl-1-1024x1024.png 1024w, https:\/\/www.transfeminiinit.fi\/wp-content\/uploads\/2024\/04\/vtkl-1-300x300.png 300w, https:\/\/www.transfeminiinit.fi\/wp-content\/uploads\/2024\/04\/vtkl-1-150x150.png 150w, https:\/\/www.transfeminiinit.fi\/wp-content\/uploads\/2024\/04\/vtkl-1-768x768.png 768w, https:\/\/www.transfeminiinit.fi\/wp-content\/uploads\/2024\/04\/vtkl-1.png 1080w\" sizes=\"auto, (max-width: 1024px) 100vw, 1024px\" \/><\/a><\/figure>\n\n\n\n<figure class=\"wp-block-image size-large wp-container-content-962be591\"><a href=\"https:\/\/www.iglyo.org\"><img loading=\"lazy\" decoding=\"async\" width=\"1024\" height=\"1024\" src=\"https:\/\/www.transfem.fi\/wp-content\/uploads\/2024\/04\/Nimeton-malli-2-1024x1024.png\" alt=\"IGLYO logo\" class=\"wp-image-477\" srcset=\"https:\/\/www.transfeminiinit.fi\/wp-content\/uploads\/2024\/04\/Nimeton-malli-2-1024x1024.png 1024w, https:\/\/www.transfeminiinit.fi\/wp-content\/uploads\/2024\/04\/Nimeton-malli-2-300x300.png 300w, https:\/\/www.transfeminiinit.fi\/wp-content\/uploads\/2024\/04\/Nimeton-malli-2-150x150.png 150w, https:\/\/www.transfeminiinit.fi\/wp-content\/uploads\/2024\/04\/Nimeton-malli-2-768x768.png 768w, https:\/\/www.transfeminiinit.fi\/wp-content\/uploads\/2024\/04\/Nimeton-malli-2.png 1080w\" sizes=\"auto, (max-width: 1024px) 100vw, 1024px\" \/><\/a><\/figure>\n\n\n\n<figure class=\"wp-block-image size-large wp-container-content-962be591\"><a href=\"https:\/\/ilga.org\"><img loading=\"lazy\" decoding=\"async\" width=\"1024\" height=\"1024\" src=\"https:\/\/www.transfem.fi\/wp-content\/uploads\/2024\/04\/ilga-1024x1024.png\" alt=\"Ilga world logo\" class=\"wp-image-486\" srcset=\"https:\/\/www.transfeminiinit.fi\/wp-content\/uploads\/2024\/04\/ilga-1024x1024.png 1024w, https:\/\/www.transfeminiinit.fi\/wp-content\/uploads\/2024\/04\/ilga-300x300.png 300w, https:\/\/www.transfeminiinit.fi\/wp-content\/uploads\/2024\/04\/ilga-150x150.png 150w, https:\/\/www.transfeminiinit.fi\/wp-content\/uploads\/2024\/04\/ilga-768x768.png 768w, https:\/\/www.transfeminiinit.fi\/wp-content\/uploads\/2024\/04\/ilga.png 1080w\" sizes=\"auto, (max-width: 1024px) 100vw, 1024px\" \/><\/a><\/figure>\n\n\n\n<figure class=\"wp-block-image size-large wp-container-content-d50df0bc\"><a href=\"https:\/\/tgeu.org\"><img loading=\"lazy\" decoding=\"async\" width=\"1024\" height=\"1024\" src=\"https:\/\/www.transfem.fi\/wp-content\/uploads\/2024\/04\/tgeu-1024x1024.png\" alt=\"TGEU logo\" class=\"wp-image-482\"\/><\/a><\/figure>\n\n\n\n<figure class=\"wp-block-image size-large wp-container-content-759e20a8\"><a href=\"https:\/\/naisjarjestot.fi\"><img loading=\"lazy\" decoding=\"async\" width=\"1024\" height=\"819\" src=\"https:\/\/www.transfem.fi\/wp-content\/uploads\/2024\/04\/NJKL_logo_suomi_vari_rgb-1024x819.png\" alt=\"Naisj\u00e4rjest\u00f6jen keskusliitto -logo\" class=\"wp-image-473\" srcset=\"https:\/\/www.transfeminiinit.fi\/wp-content\/uploads\/2024\/04\/NJKL_logo_suomi_vari_rgb-1024x819.png 1024w, https:\/\/www.transfeminiinit.fi\/wp-content\/uploads\/2024\/04\/NJKL_logo_suomi_vari_rgb-300x240.png 300w, https:\/\/www.transfeminiinit.fi\/wp-content\/uploads\/2024\/04\/NJKL_logo_suomi_vari_rgb-768x615.png 768w, https:\/\/www.transfeminiinit.fi\/wp-content\/uploads\/2024\/04\/NJKL_logo_suomi_vari_rgb-1536x1229.png 1536w, https:\/\/www.transfeminiinit.fi\/wp-content\/uploads\/2024\/04\/NJKL_logo_suomi_vari_rgb-2048x1639.png 2048w, https:\/\/www.transfeminiinit.fi\/wp-content\/uploads\/2024\/04\/NJKL_logo_suomi_vari_rgb-1200x960.png 1200w, https:\/\/www.transfeminiinit.fi\/wp-content\/uploads\/2024\/04\/NJKL_logo_suomi_vari_rgb-1980x1584.png 1980w\" sizes=\"auto, (max-width: 1024px) 100vw, 1024px\" \/><\/a><\/figure>\n\n\n\n<figure class=\"wp-block-image size-large wp-container-content-759e20a8\"><a href=\"https:\/\/seta.fi\"><img loading=\"lazy\" decoding=\"async\" width=\"1024\" height=\"683\" src=\"https:\/\/www.transfem.fi\/wp-content\/uploads\/2024\/04\/SETA_-vari_-27062013-1024x683.png\" alt=\"Seta logo\" class=\"wp-image-471\" srcset=\"https:\/\/www.transfeminiinit.fi\/wp-content\/uploads\/2024\/04\/SETA_-vari_-27062013-1024x683.png 1024w, https:\/\/www.transfeminiinit.fi\/wp-content\/uploads\/2024\/04\/SETA_-vari_-27062013-300x200.png 300w, https:\/\/www.transfeminiinit.fi\/wp-content\/uploads\/2024\/04\/SETA_-vari_-27062013-768x512.png 768w, https:\/\/www.transfeminiinit.fi\/wp-content\/uploads\/2024\/04\/SETA_-vari_-27062013-1536x1024.png 1536w, https:\/\/www.transfeminiinit.fi\/wp-content\/uploads\/2024\/04\/SETA_-vari_-27062013-2048x1365.png 2048w, https:\/\/www.transfeminiinit.fi\/wp-content\/uploads\/2024\/04\/SETA_-vari_-27062013-1200x800.png 1200w, https:\/\/www.transfeminiinit.fi\/wp-content\/uploads\/2024\/04\/SETA_-vari_-27062013-1980x1320.png 1980w\" sizes=\"auto, (max-width: 1024px) 100vw, 1024px\" \/><\/a><\/figure>\n\n\n\n<figure class=\"wp-block-image size-full wp-container-content-962be591\"><a href=\"https:\/\/www.artteli.fi\/\"><img loading=\"lazy\" decoding=\"async\" width=\"742\" height=\"634\" src=\"https:\/\/www.transfeminiinit.fi\/wp-content\/uploads\/2025\/10\/Artteli_logo_WEB-1.png\" alt=\"Artteli logo\" class=\"wp-image-1038\" srcset=\"https:\/\/www.transfeminiinit.fi\/wp-content\/uploads\/2025\/10\/Artteli_logo_WEB-1.png 742w, https:\/\/www.transfeminiinit.fi\/wp-content\/uploads\/2025\/10\/Artteli_logo_WEB-1-300x256.png 300w\" sizes=\"auto, (max-width: 742px) 100vw, 742px\" \/><\/a><\/figure>\n<\/div>\n<\/div><\/div>\n<\/div><\/div>\n","protected":false},"excerpt":{"rendered":"<p>Vaikuttaminen ja vaikuttamisty\u00f6 Yhdistys on merkitt\u00e4v\u00e4 vaikuttaja transihmisten oikeuksien toteutumisen osalta Suomessa. Olimme keskeisesti mukana translain uudistuksessa ja teemme vaikuttamisty\u00f6t\u00e4 yhteisty\u00f6ss\u00e4 muiden j\u00e4rjest\u00f6jen kanssa.&nbsp; Pyrimme vaikuttamaan muun muassa s\u00e4\u00e4d\u00f6ksiin ja transterveydenhoidon saatavuuteen &#8211; perustavia tekij\u00f6it\u00e4 hyv\u00e4lle el\u00e4m\u00e4nlaadulle. Yhteisty\u00f6 Teemme monimuotoista yhteisty\u00f6t\u00e4 eri toimijoiden kuten tutkimuslaitosten, hyvinvointialueiden, kaupunkien ja kuntien koulutoimen, seurakuntien ja muiden sateenkaari- ja &#8230; <a title=\"Vaikuttaminen\" class=\"read-more\" href=\"https:\/\/www.transfeminiinit.fi\/index.php\/toiminta\/vaikuttaminen\/\" aria-label=\"Lue lis\u00e4\u00e4 aiheesta Vaikuttaminen\">Lue lis\u00e4\u00e4<\/a><\/p>\n","protected":false},"author":3,"featured_media":0,"parent":90,"menu_order":0,"comment_status":"closed","ping_status":"closed","template":"","meta":{"footnotes":""},"class_list":["post-158","page","type-page","status-publish"],"_links":{"self":[{"href":"https:\/\/www.transfeminiinit.fi\/index.php\/wp-json\/wp\/v2\/pages\/158","targetHints":{"allow":["GET"]}}],"collection":[{"href":"https:\/\/www.transfeminiinit.fi\/index.php\/wp-json\/wp\/v2\/pages"}],"about":[{"href":"https:\/\/www.transfeminiinit.fi\/index.php\/wp-json\/wp\/v2\/types\/page"}],"author":[{"embeddable":true,"href":"https:\/\/www.transfeminiinit.fi\/index.php\/wp-json\/wp\/v2\/users\/3"}],"replies":[{"embeddable":true,"href":"https:\/\/www.transfeminiinit.fi\/index.php\/wp-json\/wp\/v2\/comments?post=158"}],"version-history":[{"count":12,"href":"https:\/\/www.transfeminiinit.fi\/index.php\/wp-json\/wp\/v2\/pages\/158\/revisions"}],"predecessor-version":[{"id":1821,"href":"https:\/\/www.transfeminiinit.fi\/index.php\/wp-json\/wp\/v2\/pages\/158\/revisions\/1821"}],"up":[{"embeddable":true,"href":"https:\/\/www.transfeminiinit.fi\/index.php\/wp-json\/wp\/v2\/pages\/90"}],"wp:attachment":[{"href":"https:\/\/www.transfeminiinit.fi\/index.php\/wp-json\/wp\/v2\/media?parent=158"}],"curies":[{"name":"wp","href":"https:\/\/api.w.org\/{rel}","templated":true}]}}