{"id":1783,"date":"2026-05-03T21:50:01","date_gmt":"2026-05-03T18:50:01","guid":{"rendered":"https:\/\/www.transfeminiinit.fi\/?page_id=1783"},"modified":"2026-05-03T22:34:21","modified_gmt":"2026-05-03T19:34:21","slug":"contact-information","status":"publish","type":"page","link":"https:\/\/www.transfeminiinit.fi\/index.php\/en\/contact-information\/","title":{"rendered":"Contact information"},"content":{"rendered":"\n<div class=\"wp-block-group alignwide has-base-background-color has-background\"><div class=\"wp-block-group__inner-container is-layout-constrained wp-block-group-is-layout-constrained\">\n<div class=\"wp-block-group alignwide lines-bg-1 has-base-3-background-color has-background\"><div class=\"wp-block-group__inner-container is-layout-constrained wp-block-group-is-layout-constrained\">\n<h1 class=\"wp-block-heading has-global-color-9-color has-text-color has-link-color wp-elements-21052d0b56750db05cbba4df3dc14909\" style=\"font-size:50px\">Contact information<\/h1>\n\n\n\n<div style=\"height:16px\" aria-hidden=\"true\" class=\"wp-block-spacer\"><\/div>\n\n\n\n<p class=\"has-global-color-9-color has-text-color has-link-color has-medium-font-size wp-elements-a7bf98f4ed65394f7e96e505afbdda38\">Transfeminiinit ry \u2013 Transfeminina rf \u2013 Transfeminines NGO<\/p>\n\n\n\n<p class=\"has-global-color-9-color has-text-color has-link-color has-medium-font-size wp-elements-faf52b911cbe2ed329a6c642f5219607\">info@transfeminiinit.fi<\/p>\n\n\n\n<p class=\"has-global-color-9-color has-text-color has-link-color has-medium-font-size wp-elements-5b7d5884ce2170589111b6b9da9dc46c\">www.transfeminiinit.fi<\/p>\n\n\n\n<p class=\"has-global-color-9-color has-text-color has-link-color has-medium-font-size wp-elements-b44846b6460730675abb16afa5db66b9\">Staff emails are formatted as follows:<br>firstname[a]transfeminiinit.fi<\/p>\n\n\n\n<p class=\"has-global-color-9-color has-text-color has-link-color has-medium-font-size wp-elements-36c4d113fb74d31ac84cb68ea31bf4f9\"><strong>Please note that a large part of our staff works part-time, so it may take a few business days for us to respond to you. For urgent matters, please send your message to info[a]transfeminiinit.fi.<\/strong><\/p>\n<\/div><\/div>\n<\/div><\/div>\n\n\n\n<div style=\"height:25px\" aria-hidden=\"true\" class=\"wp-block-spacer\"><\/div>\n\n\n\n<div class=\"wp-block-group alignwide has-contrast-3-background-color has-background\"><div class=\"wp-block-group__inner-container is-layout-constrained wp-block-group-is-layout-constrained\">\n<div class=\"wp-block-group alignwide lines-bg-2 has-base-3-background-color has-background\"><div class=\"wp-block-group__inner-container is-layout-constrained wp-block-group-is-layout-constrained\">\n<h2 class=\"wp-block-heading has-accent-color has-text-color has-link-color wp-elements-1d4f84239f7494e9bc6b260e833f0778\">Addresses<\/h2>\n\n\n\n<h3 class=\"wp-block-heading has-accent-color has-text-color has-link-color wp-elements-57e3ec784767e8581f9897d56e7f3381\">Headquarters:<\/h3>\n\n\n\n<p class=\"has-accent-color has-text-color has-link-color has-medium-font-size wp-elements-4a2f8b774b5a1e89c900e757c6cda039\">Takojankatu 1 c, 3rd floor,<br>33540 Tampere<br><em>Visiting hours:<\/em><br>ma-pe, 10-15<\/p>\n\n\n\n<h4 class=\"wp-block-heading has-accent-color has-text-color has-link-color wp-elements-d313f7fd1ee363b24ad890e4fc5a6b2d\">Arrival instructions and accessibility information for the office in Tampere:<\/h4>\n\n\n\n<p class=\"has-accent-color has-text-color has-link-color has-medium-font-size wp-elements-499abf177342d1854aa733b6be0fefc1\">Turn west from the southernmost end of Tursonkatu into the courtyard. Around the corner on the left you will find a door with a doorbell for the office. The doorbell says Transfeminiinit ry.<\/p>\n\n\n\n<p class=\"has-accent-color has-text-color has-link-color has-medium-font-size wp-elements-938723fc6954e59ec563fac914eaa74e\">Unfortunately, the space is not accessible to everyone. There is a ramp at the bottom door of the building to allow wheelchair access to the lobby, and there is an elevator in the building. The elevator door is 79 cm wide. The elevator dimensions are: depth 106 cm and width 88 cm. The toilets in the space are narrow and have a high doorsill on their doors, so they are not accessible to wheelchair users.<\/p>\n\n\n\n<h3 class=\"wp-block-heading has-accent-color has-text-color has-link-color wp-elements-44e798b99a150cae30a24db7afef5656\">Helsinki:<\/h3>\n\n\n\n<p class=\"has-accent-color has-text-color has-link-color has-medium-font-size wp-elements-a2b95be8468f3d09f18caf81a399f670\">K\u00e4enkuja 8 C, ground floor,<br>00500 Helsinki<\/p>\n\n\n\n<h4 class=\"wp-block-heading has-accent-color has-text-color has-link-color wp-elements-25ada372ef6cde385ef4fa81d6d54329\">Arrival instructions and accessibility information for the office in Helsinki:<\/h4>\n\n\n\n<p class=\"has-accent-color has-text-color has-link-color wp-elements-a74292910262d2ac7d14d2819728c812\">When you arrive at K\u00e4enkuja from the direction of S\u00f6rn\u00e4isten rantatie, turn right at the first bend into the courtyard. The entrance is in the house on the left. There is a door buzzer on the door with the text TRF.<br><br>Unfortunately, the space is not accessible to everyone. There is a small doorsill at the entrance, and the toilets in the space are not suitable for wheelchair users<\/p>\n\n\n\n<h3 class=\"wp-block-heading has-accent-color has-text-color has-link-color wp-elements-2ce735d27669cf9d3841e1bcdcfee365\">Oulu:<\/h3>\n\n\n\n<p class=\"has-accent-color has-text-color has-link-color has-medium-font-size wp-elements-73d5e12aa77d389e72ed296a615be9c4\">Pakkahuoneenkatu 12, fourth floor,<br>90100 Oulu<\/p>\n\n\n\n<p class=\"has-accent-color has-text-color has-link-color wp-elements-64f9f60dee8632d123d2e9433260925a\">Our partners at the office in Oulu include Oulu SETA, VTKL Sateenkaariseniorihanke and Oulu Pride.<\/p>\n\n\n\n<h4 class=\"wp-block-heading has-accent-color has-text-color has-link-color wp-elements-6b521a7686365a928056de6ddd0f1f09\">Arrival instructions and accessibility information for the office in Oulu:<\/h4>\n\n\n\n<p class=\"has-accent-color has-text-color has-link-color has-medium-font-size wp-elements-edb8fcc8611feb2a491805fe6f5c56ea\">Arrival instructions and accessibility information can be found on the Oulu Pride website at the following link: <a href=\"https:\/\/www.oulupride.fi\/vino-vintti-queer-loft\/\">Vino Vintti Saapumis- ja esteett\u00f6myystiedot.<\/a><\/p>\n<\/div><\/div>\n<\/div><\/div>\n\n\n\n<div style=\"height:25px\" aria-hidden=\"true\" class=\"wp-block-spacer\"><\/div>\n\n\n\n<div class=\"wp-block-group alignwide has-base-background-color has-background\"><div class=\"wp-block-group__inner-container is-layout-constrained wp-block-group-is-layout-constrained\">\n<div class=\"wp-block-group alignwide lines-bg-3 has-base-3-background-color has-background\"><div class=\"wp-block-group__inner-container is-layout-constrained wp-block-group-is-layout-constrained\">\n<h2 class=\"wp-block-heading has-global-color-9-color has-text-color has-link-color wp-elements-29bf20ad7b69e51c2fc1f10470cf6cd6\">Staff<\/h2>\n\n\n\n<p class=\"has-global-color-9-color has-text-color has-link-color has-medium-font-size wp-elements-e81ae42550ece24040f828e6342ec0ca\">You can always contact us with info[a]transfeminiinit.fi, we will direct your message to the right person!<\/p>\n\n\n\n<h3 class=\"wp-block-heading has-global-color-9-color has-text-color has-link-color wp-elements-fa604dc55899a4af29e3c30bd8ea2ee4\">Tanja von Knorring<\/h3>\n\n\n\n<p class=\"has-global-color-9-color has-text-color has-link-color has-medium-font-size wp-elements-a0fa29cea899693097f871b605ae2f7a\">Executive Director<br>0400 196456<br>tanja[a]transfeminiinit.fi<br>Networks, training, internships, international cooperation and advocacy<\/p>\n\n\n\n<h3 class=\"wp-block-heading has-global-color-9-color has-text-color has-link-color wp-elements-1032c3b80e8524e1858428c9cdb54497\">J. Toivonen<\/h3>\n\n\n\n<p class=\"has-global-color-9-color has-text-color has-link-color has-medium-font-size wp-elements-7cabe346965d3aad76111f24b251c8b7\">Finance and Administration<br>office[a]transfeminiinit<\/p>\n\n\n\n<h3 class=\"wp-block-heading has-global-color-9-color has-text-color has-link-color wp-elements-e09072f5ca0edc1a7cf59da343dc76bc\">Nea Lepaus<\/h3>\n\n\n\n<p class=\"has-global-color-9-color has-text-color has-link-color has-medium-font-size wp-elements-3836f08f32cfe18e976e03c6de533f93\">Trainer<\/p>\n\n\n\n<h3 class=\"wp-block-heading has-global-color-9-color has-text-color has-link-color wp-elements-f529a5f6c6f2075ebc62956746b05327\">Tea Stolt de Glanville<\/h3>\n\n\n\n<p class=\"has-global-color-9-color has-text-color has-link-color has-medium-font-size wp-elements-c95c46ef9a05ec74bd57727add7e2181\">Verksamhetskoordinator<br>info[a]transfeminiinit.fi<br><em>Svenska tj\u00e4nster i Norra Finland<\/em><\/p>\n\n\n\n<h2 class=\"wp-block-heading has-global-color-9-color has-text-color has-link-color wp-elements-b2161ffca5f9a1579f00a064f4574a84\">Volunteers<\/h2>\n\n\n\n<h3 class=\"wp-block-heading has-global-color-9-color has-text-color has-link-color wp-elements-7f58b546bafee685bd33a0fe91b2c321\">Henrik Rosvall<\/h3>\n\n\n\n<p class=\"has-global-color-9-color has-text-color has-link-color has-medium-font-size wp-elements-1c65579a5f2615b2da0c7a8042e7497a\">Medical advice<br>medical[a]transfeminiinit.fi<\/p>\n\n\n\n<h3 class=\"wp-block-heading has-global-color-9-color has-text-color has-link-color wp-elements-98e3a9f5898479b708d7882e0fe64320\">Anu Pohjanv\u00e4lke<\/h3>\n\n\n\n<p class=\"has-global-color-9-color has-text-color has-link-color has-medium-font-size wp-elements-bb319d050becdd1511e3de22e17c56a6\">Social Services Coordinator, Pohjois-Pohjanmaa<br>oulu[a]transfeminiinit.fi<\/p>\n<\/div><\/div>\n<\/div><\/div>\n\n\n\n<div style=\"height:25px\" aria-hidden=\"true\" class=\"wp-block-spacer\"><\/div>\n\n\n\n<div class=\"wp-block-group alignwide has-contrast-3-background-color has-background\"><div class=\"wp-block-group__inner-container is-layout-constrained wp-block-group-is-layout-constrained\">\n<div class=\"wp-block-group alignwide lines-bg-4 has-base-3-background-color has-background\"><div class=\"wp-block-group__inner-container is-layout-constrained wp-block-group-is-layout-constrained\">\n<h2 class=\"wp-block-heading has-accent-color has-text-color has-link-color wp-elements-519208d08b3c1a5b4b370364e08d58de\">Billing information<\/h2>\n\n\n\n<p class=\"has-accent-color has-text-color has-link-color has-medium-font-size wp-elements-bb360c78696231ced74ff239d354f818\">Operator: Apix Messaging Oy (003723327487)<\/p>\n\n\n\n<p class=\"has-accent-color has-text-color has-link-color has-medium-font-size wp-elements-51d21fc0f6233a5cdccda445ffa44330\">Online billing address: 003731133981<\/p>\n\n\n\n<p class=\"has-accent-color has-text-color has-link-color has-medium-font-size wp-elements-43772c4926d6cfcf737b2bee2d01edb2\">Transfeminiinit ry<\/p>\n\n\n\n<p class=\"has-accent-color has-text-color has-link-color has-medium-font-size wp-elements-a1fcc5f9d4d2ad86375a35b869bb9991\">Y: 3113398-1<\/p>\n<\/div><\/div>\n<\/div><\/div>\n","protected":false},"excerpt":{"rendered":"<p>Contact information Transfeminiinit ry \u2013 Transfeminina rf \u2013 Transfeminines NGO info@transfeminiinit.fi www.transfeminiinit.fi Staff emails are formatted as follows:firstname[a]transfeminiinit.fi Please note that a large part of our staff works part-time, so it may take a few business days for us to respond to you. For urgent matters, please send your message to info[a]transfeminiinit.fi. Addresses Headquarters: Takojankatu &#8230; <a title=\"Contact information\" class=\"read-more\" href=\"https:\/\/www.transfeminiinit.fi\/index.php\/en\/contact-information\/\" aria-label=\"Lue lis\u00e4\u00e4 aiheesta Contact information\">Lue lis\u00e4\u00e4<\/a><\/p>\n","protected":false},"author":6,"featured_media":0,"parent":0,"menu_order":0,"comment_status":"closed","ping_status":"closed","template":"","meta":{"footnotes":""},"class_list":["post-1783","page","type-page","status-publish"],"_links":{"self":[{"href":"https:\/\/www.transfeminiinit.fi\/index.php\/wp-json\/wp\/v2\/pages\/1783","targetHints":{"allow":["GET"]}}],"collection":[{"href":"https:\/\/www.transfeminiinit.fi\/index.php\/wp-json\/wp\/v2\/pages"}],"about":[{"href":"https:\/\/www.transfeminiinit.fi\/index.php\/wp-json\/wp\/v2\/types\/page"}],"author":[{"embeddable":true,"href":"https:\/\/www.transfeminiinit.fi\/index.php\/wp-json\/wp\/v2\/users\/6"}],"replies":[{"embeddable":true,"href":"https:\/\/www.transfeminiinit.fi\/index.php\/wp-json\/wp\/v2\/comments?post=1783"}],"version-history":[{"count":6,"href":"https:\/\/www.transfeminiinit.fi\/index.php\/wp-json\/wp\/v2\/pages\/1783\/revisions"}],"predecessor-version":[{"id":1829,"href":"https:\/\/www.transfeminiinit.fi\/index.php\/wp-json\/wp\/v2\/pages\/1783\/revisions\/1829"}],"wp:attachment":[{"href":"https:\/\/www.transfeminiinit.fi\/index.php\/wp-json\/wp\/v2\/media?parent=1783"}],"curies":[{"name":"wp","href":"https:\/\/api.w.org\/{rel}","templated":true}]}}