{"id":3,"date":"2024-03-03T14:33:53","date_gmt":"2024-03-03T14:33:53","guid":{"rendered":"https:\/\/www.transfem.fi\/?page_id=3"},"modified":"2025-10-08T14:16:24","modified_gmt":"2025-10-08T11:16:24","slug":"privacy-policy","status":"publish","type":"page","link":"https:\/\/www.transfeminiinit.fi\/index.php\/privacy-policy\/","title":{"rendered":"Tietosuojaseloste"},"content":{"rendered":"\n<h1 class=\"wp-block-heading alignwide has-text-align-center\" style=\"font-size:42px\">Transfeminiinit ry:n tietosuojaseloste<br>ja rekisteriseloste<\/h1>\n\n\n\n<p><em>P\u00e4ivitetty 08.10.2025<\/em><\/p>\n\n\n\n<h2 class=\"wp-block-heading has-medium-font-size\"><strong>1 Rekisterinpit\u00e4j\u00e4<\/strong><\/h2>\n\n\n\n<p><strong>Transfeminiinit ry<\/strong><\/p>\n\n\n\n<p>info@transfeminiinit.fi<\/p>\n\n\n\n<p>www.transfeminiinit.fi<\/p>\n\n\n\n<p>3113398-1<\/p>\n\n\n\n<p><strong>Yhdistyksen p\u00e4\u00e4konttori:<\/strong><\/p>\n\n\n\n<p>Takojankatu 1 c, 3 krs<\/p>\n\n\n\n<p>33540 Tampere<\/p>\n\n\n\n<p><strong>Yhteyshenkil\u00f6 rekisteri\u00e4 koskevissa asioissa:<\/strong><\/p>\n\n\n\n<p>J. Toivonen<\/p>\n\n\n\n<p>info@transfeminiinit.fi<\/p>\n\n\n\n<p>Ker\u00e4\u00e4mme tietoja Transfeminiinit ry:n verkkosivun k\u00e4ytt\u00e4jist\u00e4 vain sen verran ja sit\u00e4 varten, ett\u00e4 saamme numeraalista tietoa, kuinka laajan ryhm\u00e4n ihmisi\u00e4 sivut ja toiminta tavoittavat, jotta pystymme kehitt\u00e4m\u00e4\u00e4n verkkosivuja ja toimintaamme, sek\u00e4 hankkimaan jatkossakin rahoitusta ja sponsoreita.<\/p>\n\n\n\n<p>K\u00e4yt\u00e4mme sivustolla Google Analyticsia selvitt\u00e4\u00e4ksemme muun muassa k\u00e4vij\u00e4m\u00e4\u00e4ri\u00e4, sivuston toimivuutta ja k\u00e4ytt\u00e4jien alueellista jakautumista. Tilastolliset tiedot ker\u00e4t\u00e4\u00e4n ja annetaan eteenp\u00e4in muille aina sellaisessa muodossa, ett\u00e4 ne eiv\u00e4t sis\u00e4ll\u00e4 henkil\u00f6tietoja.<\/p>\n\n\n\n<h2 class=\"wp-block-heading has-medium-font-size\"><strong>2 Rekisterin nimi<\/strong><\/h2>\n\n\n\n<p>Transfeminiinit ry:n j\u00e4senrekisteri<\/p>\n\n\n\n<p>Transfeminiinit ry:n vapaaehtoisrekisteri<\/p>\n\n\n\n<p>Transfeminiinit ry:n lahjoittajien rekisteri<\/p>\n\n\n\n<p>Transfeminiinit ry:n sidosryhmien rekisteri<\/p>\n\n\n\n<p>Transfeminiinit ry:n asiakasrekisteri<\/p>\n\n\n\n<h2 class=\"wp-block-heading has-medium-font-size\"><strong>3 Rekister\u00f6idyt<\/strong><\/h2>\n\n\n\n<h3 class=\"wp-block-heading has-small-font-size\"><strong>3.1. J\u00e4senet<\/strong><\/h3>\n\n\n\n<p>Transfeminiinit ry:n j\u00e4senet<\/p>\n\n\n\n<h3 class=\"wp-block-heading has-small-font-size\"><strong>3.2. Vapaaehtoiset<\/strong><\/h3>\n\n\n\n<p>Transfeminiinit ry:n vapaaehtoiset<\/p>\n\n\n\n<p>Transfeminiinit ry:n ryhm\u00e4nvet\u00e4j\u00e4t<\/p>\n\n\n\n<h3 class=\"wp-block-heading has-small-font-size\"><strong>3.3. Lahjoittajat<\/strong><\/h3>\n\n\n\n<p>Lahjoittajiksi ilmoittautuneet henkil\u00f6t<\/p>\n\n\n\n<p>Lahjoittajayhteis\u00f6iksi ilmoittautuneiden yhteyshenkil\u00f6t<\/p>\n\n\n\n<p>Taloudellisen yhteisty\u00f6sopimuksen tehneiden tahojen yhteyshenkil\u00f6t<\/p>\n\n\n\n<h3 class=\"wp-block-heading has-small-font-size\"><strong>3.4. Sidosryhm\u00e4t<\/strong><\/h3>\n\n\n\n<p>Transfeminiinit ry:n yhteisty\u00f6kumppanit ja n\u00e4iden yhteyshenkil\u00f6t<\/p>\n\n\n\n<p>Transfeminiinit ry:n sidosryhm\u00e4t ja n\u00e4iden yhteyshenkil\u00f6t<\/p>\n\n\n\n<h3 class=\"wp-block-heading has-small-font-size\"><strong>3.5. Toimittajat ja hankkijat<\/strong><\/h3>\n\n\n\n<p>Transfeminiinit ry:lle tavaroita tai palveluja toimittavat tahot ja n\u00e4iden yhteyshenkil\u00f6t<\/p>\n\n\n\n<p>Yksityishenkil\u00f6t, jotka saavat Transfeminiinit ry:lt\u00e4 korvauksia (esim. matkoista) tositteita vastaan<\/p>\n\n\n\n<h3 class=\"wp-block-heading has-small-font-size\"><strong>3.6. Asiakkaat<\/strong><\/h3>\n\n\n\n<p>Transfeminiinit ry:lt\u00e4 palveluja tai tavaroita tilaavat tai ostavat tahot ja n\u00e4iden yhteyshenkil\u00f6t<\/p>\n\n\n\n<p>Transfeminiinit ry:n tilojen tai kaluston vuokraajat<\/p>\n\n\n\n<h3 class=\"wp-block-heading has-small-font-size\"><strong>3.7. Muut<\/strong><\/h3>\n\n\n\n<p>Transfeminiinit ry:n uutiskirjeen tilaajat<\/p>\n\n\n\n<p>Transfeminiinit ry:n materiaaleja tilanneet henkil\u00f6t ja yhteis\u00f6t<\/p>\n\n\n\n<h2 class=\"wp-block-heading has-medium-font-size\"><strong>4 Henkil\u00f6tietojen k\u00e4sittelyn tarkoitus<\/strong><\/h2>\n\n\n\n<p>Henkil\u00f6tietojen k\u00e4sittely perustuu rekister\u00f6idyn suostumukseen.<\/p>\n\n\n\n<p>Henkil\u00f6tietojen k\u00e4sittelyn tarkoituksena on:<\/p>\n\n\n\n<ul class=\"wp-block-list\">\n<li>Asiakasty\u00f6<\/li>\n\n\n\n<li>Vapaaehtoistoiminta<\/li>\n\n\n\n<li>J\u00e4senpalvelut<\/li>\n\n\n\n<li>J\u00e4senviestint\u00e4<\/li>\n\n\n\n<li>Kumppanuusty\u00f6<\/li>\n\n\n\n<li>Yhdistystoimintaan liittyv\u00e4 viestint\u00e4 ja tiedottaminen<\/li>\n<\/ul>\n\n\n\n<p>J\u00e4senrekisterimme toimii FloMembers -palvelussa. J\u00e4sentietoja s\u00e4ilytet\u00e4\u00e4n s\u00e4hk\u00f6isess\u00e4 rekisteripalvelussa, jonka palveluntarjoaja on Flo Apps Oy.<\/p>\n\n\n\n<h2 class=\"wp-block-heading has-medium-font-size\"><strong>5 Henkil\u00f6tietojen s\u00e4ilytysaika ja tallennettavat henkil\u00f6tiedot<\/strong><\/h2>\n\n\n\n<p>Transfeminiinit ry s\u00e4ilytt\u00e4\u00e4 vain j\u00e4rjest\u00f6n toiminnan ja tietojen k\u00e4ytt\u00f6tarkoitusten kannalta tarpeellisia tietoja, joiden k\u00e4sittelyll\u00e4 on lailliset edellytykset. Kunnioitamme henkil\u00f6tietojesi luottamuksellisuutta. S\u00e4ilyt\u00e4mme henkil\u00f6tietoja vain niin kauan, kuin se on tarpeen t\u00e4ss\u00e4 tietosuojaselosteessa m\u00e4\u00e4riteltyjen henkil\u00f6tietojen k\u00e4sittelytarkoitusten toteuttamiseksi.<\/p>\n\n\n\n<p>Yhdistyksen vapaaehtoisten ohjaajien ja muiden vapaaehtoisten tietoja k\u00e4sittelev\u00e4t vain yhdistyksen sis\u00e4inen henkil\u00f6st\u00f6 ja luotetut yhteisty\u00f6tahot. Ker\u00e4ttyj\u00e4 tietoja k\u00e4ytet\u00e4\u00e4n vain yhdistykseen liittyv\u00e4\u00e4n v\u00e4ltt\u00e4m\u00e4tt\u00f6m\u00e4\u00e4n viestint\u00e4\u00e4n yhdistyksen ja vapaaehtoisten v\u00e4lill\u00e4.<\/p>\n\n\n\n<p>K\u00e4ytt\u00f6tarkoitukseensa tarpeettomaksi muuttuneet tiedot, vanhentuneet tiedot tai tiedot, joiden k\u00e4sittelylle ei en\u00e4\u00e4 muutoin ole perustetta, anonymisoidaan tai h\u00e4vitet\u00e4\u00e4n tietoturvallisesti. Vanhentuneiden tietojen tarkistus ja poistaminen tehd\u00e4\u00e4n puolivuosittain.<\/p>\n\n\n\n<p>Joitakin tietoja edellytet\u00e4\u00e4n s\u00e4ilytett\u00e4v\u00e4n laissa tai muusta perustellusta syyst\u00e4 (esimerkiksi kirjanpitolain tositteiden s\u00e4ilytysajat) pidemp\u00e4\u00e4n kuin edell\u00e4 on kuvattu. N\u00e4m\u00e4 henkil\u00f6tiedot poistetaan, kun t\u00e4lle s\u00e4ilytt\u00e4miselle ei ole tarvetta.<\/p>\n\n\n\n<p>ker\u00e4\u00e4 ja k\u00e4sittelee t\u00e4ss\u00e4 asiakirjassa kuvattuihin tarkoituksiin henkil\u00f6tietoja, joita voivat olla seuraavat ilmoitetut tiedot:<\/p>\n\n\n\n<h3 class=\"wp-block-heading has-small-font-size\"><strong>Yksil\u00f6intitiedot asiakailta ja vapaaehtoisilta<\/strong><\/h3>\n\n\n\n<ul class=\"wp-block-list\">\n<li>nimi<\/li>\n\n\n\n<li>kutsumanimi<\/li>\n\n\n\n<li>sukupuoli<\/li>\n\n\n\n<li>syntym\u00e4aika<\/li>\n\n\n\n<li>yhteystiedot (osoite, puhelinnumero, s\u00e4hk\u00f6postiosoite)<\/li>\n\n\n\n<li>j\u00e4senilt\u00e4 j\u00e4senyystiedot: j\u00e4senyyden kesto, j\u00e4senlaji sek\u00e4 j\u00e4senmaksu<\/li>\n\n\n\n<li>asiointikieli ja\/tai kielitaito<\/li>\n\n\n\n<li>pankkiyhteystiedot (pankkitili, verkkolaskuosoite)<\/li>\n\n\n\n<li>asiakasnumero\/tunnistenumero<\/li>\n\n\n\n<li>henkil\u00f6tunnus (henkil\u00f6tunnus ker\u00e4t\u00e4\u00e4n vain, mik\u00e4li sen ker\u00e4\u00e4miselle on erityinen syy, esimerkiksi kilometrikorvauksen maksu)<\/li>\n<\/ul>\n\n\n\n<h3 class=\"wp-block-heading has-small-font-size\"><strong>Palvelujen k\u00e4ytt\u00f6tiedot<\/strong><\/h3>\n\n\n\n<ul class=\"wp-block-list\">\n<li>luvat ja suostumukset<\/li>\n\n\n\n<li>markkinointi- ja tutkimuskiellot<\/li>\n\n\n\n<li>kohdentamisessa k\u00e4ytett\u00e4v\u00e4t tunnisteet<\/li>\n\n\n\n<li>ev\u00e4stetiedot<\/li>\n\n\n\n<li>lokitiedot<\/li>\n\n\n\n<li>istuntotunnisteet<\/li>\n\n\n\n<li>ip-osoitteet<\/li>\n\n\n\n<li>maksutapahtumat ja maksunv\u00e4litystiedot<\/li>\n\n\n\n<li>kampanja- ja yhteydenottotiedot<\/li>\n<\/ul>\n\n\n\n<h3 class=\"wp-block-heading has-small-font-size\"><strong>Taloudelliset tiedot<\/strong><\/h3>\n\n\n\n<ul class=\"wp-block-list\">\n<li>lasku- ja maksutapahtumat ja -historia<\/li>\n\n\n\n<li>kuukausilahjoitussopimukset tiedot (kohde, summa, er\u00e4p\u00e4iv\u00e4, maksutapa)<\/li>\n\n\n\n<li>lahjoitussummat ja -p\u00e4iv\u00e4m\u00e4\u00e4r\u00e4t<\/li>\n\n\n\n<li>pankkiliikenteeseen liittyv\u00e4 tieto<\/li>\n<\/ul>\n\n\n\n<h2 class=\"wp-block-heading has-medium-font-size\"><strong>6 Rekisterin tietol\u00e4hteet<\/strong><\/h2>\n\n\n\n<p>Henkil\u00f6\u00e4 koskevat tiedot saadaan s\u00e4\u00e4nn\u00f6nmukaisesti<\/p>\n\n\n\n<ul class=\"wp-block-list\">\n<li>henkil\u00f6lt\u00e4 itselt\u00e4\u00e4n suullisesti tai kirjallisesti<\/li>\n\n\n\n<li>henkil\u00f6n tullessa rekisterinpit\u00e4j\u00e4n tukijaksi, vapaaehtoisty\u00f6ntekij\u00e4ksi, tai osallistuessa sellaiseen toimintaan, jossa nimen ja yhteystietojen rekister\u00f6inti on tarpeellista<\/li>\n\n\n\n<li>Yhteis\u00f6jen ja niiden yhteyshenkil\u00f6iden tietoja voidaan ker\u00e4t\u00e4 my\u00f6s julkisista l\u00e4hteist\u00e4, kuten internetsivuilta tai julkisista rekistereist\u00e4.<\/li>\n\n\n\n<li>Palvelujen k\u00e4ytt\u00f6tietoja voidaan ker\u00e4t\u00e4 automaattisen tiedonkeruun keinoin.<\/li>\n<\/ul>\n\n\n\n<h2 class=\"wp-block-heading has-medium-font-size\"><strong>7 Tietojen luovutus kolmansille osapuolille<\/strong><\/h2>\n\n\n\n<p>Tietoja ei luovuteta kolmansille osapuolille ilman rekister\u00f6idyn erillist\u00e4 lupaa.<\/p>\n\n\n\n<p>Henkil\u00f6tietoja voidaan siirt\u00e4\u00e4 kolmansille osapuolille esimerkiksi postitusta varten.<\/p>\n\n\n\n<p>Olemme varmistaneet, ett\u00e4 palveluntarjoajamme noudattavat tietosuojalains\u00e4\u00e4d\u00e4nt\u00f6\u00e4. K\u00e4yt\u00e4mme s\u00e4\u00e4nn\u00f6nmukaisesti muun muassa seuraavia palveluntarjoajia:<\/p>\n\n\n\n<ul class=\"wp-block-list\">\n<li>MailChimp (uutiskirjeet, j\u00e4senposti)<\/li>\n\n\n\n<li>Flow Apps Oy (j\u00e4senrekisteri)<\/li>\n\n\n\n<li>Google Forms (Kyselyt, ilmoittautumiset)<\/li>\n<\/ul>\n\n\n\n<h2 class=\"wp-block-heading has-medium-font-size\"><strong>8 Tietojen siirto EU:n tai ETA:n ulkopuolelle<\/strong><\/h2>\n\n\n\n<p>Tietoja voidaan siirt\u00e4\u00e4 Euroopan unionin j\u00e4senvaltioiden alueen tai Euroopan talousalueen ulkopuolelle tietojen k\u00e4sittelyn teknisen toteuttamisen kannalta tarpeellisissa m\u00e4\u00e4rin, jolloin tietojen siirrossa noudatetaan Euroopan unionin yleisen tietosuoja-asetuksen vaatimuksia. Tietoja voidaan siirt\u00e4\u00e4 esimerkiksi Euroopan komission hyv\u00e4ksymien mallilausekkeiden nojalla tai Yhdysvaltoihin vastaanottajille, jotka ovat sitoutuneet EU-US Privacy Shield -j\u00e4rjestelyyn.<\/p>\n\n\n\n<p>Tietoja siirret\u00e4\u00e4n seuraaviin Euroopan unionin \/ Euroopan talousalueen ulkopuolisiin maihin: Yhdysvallat [s\u00e4hk\u00f6inen uutiskirje], lis\u00e4tietoa tietosuojaperiaatteista palveluntarjoajan sivuilla osoitteessa&nbsp;<a href=\"http:\/\/mailchimp.com\/legal\/privacy\/?_ga=2.128535631.274589984.1526281972-734457527.1507797993\">http:\/\/mailchimp.com\/legal\/privacy\/<\/a>. Google Forms [ilmoittautumiset, kyselyt], lis\u00e4tietoa tietosuojaperiaatteista palveluntarjoajan sivuille osoitteessa: <a href=\"https:\/\/policies.google.com\/privacy?hl=fi\">https:\/\/policies.google.com\/privacy?hl=fi<\/a>. <\/p>\n\n\n\n<p><\/p>\n\n\n\n<h2 class=\"wp-block-heading has-medium-font-size\"><strong>9 Rekister\u00f6idyn oikeudet<\/strong><\/h2>\n\n\n\n<p>Rekister\u00f6idyll\u00e4 on oikeus:<\/p>\n\n\n\n<ul class=\"wp-block-list\">\n<li>pyyt\u00e4\u00e4 j\u00e4ljenn\u00f6s itse\u00e4\u00e4n koskevista henkil\u00f6tiedoista<\/li>\n\n\n\n<li>pyyt\u00e4\u00e4, ett\u00e4 h\u00e4nt\u00e4 koskevat tiedot korjataan tai poistetaan, ellei soveltuva tietosuojas\u00e4\u00e4ntely edellyt\u00e4 tietojen s\u00e4ilytt\u00e4mist\u00e4<\/li>\n\n\n\n<li>pyyt\u00e4\u00e4 tietojensa k\u00e4sittelyn rajoittamista tai vastustaa tietojensa k\u00e4sittely\u00e4<\/li>\n\n\n\n<li>pyyt\u00e4\u00e4 oikeutta siirt\u00e4\u00e4 tietonsa j\u00e4rjestelm\u00e4st\u00e4 toiseen siten kuin soveltuvassa tietosuojalains\u00e4\u00e4d\u00e4nn\u00f6ss\u00e4 on s\u00e4\u00e4detty<\/li>\n\n\n\n<li>kielt\u00e4\u00e4 t\u00e4ysin tai osittain suoramarkkinointi- ja tutkimustarkoituksessa teht\u00e4v\u00e4t yhteydenotot<\/li>\n\n\n\n<li>tehd\u00e4 valitus tietosuojaviranomaiselle.<\/li>\n<\/ul>\n\n\n\n<p>Jos tietojen k\u00e4sittely perustuu suostumukseen, on rekister\u00f6idyll\u00e4 oikeus milloin tahansa peruuttaa antamansa suostumus. Suostumuksen peruuttamisella ei ole vaikutusta ennen suostumuksen peruutusta suoritettuun henkil\u00f6tietojen k\u00e4sittelyyn.<\/p>\n\n\n\n<p>Tarkastus-, korjaus- ja kielto-oikeuteen liittyv\u00e4t yhteydenotot tulee tehd\u00e4 kirjallisesti rekisterinpit\u00e4j\u00e4n yhteyshenkil\u00f6lle.<\/p>\n\n\n\n<h2 class=\"wp-block-heading has-medium-font-size\"><strong>10 Tietojen s\u00e4ilytyksen perusteet<\/strong><\/h2>\n\n\n\n<p>Fyysisess\u00e4 muodossa k\u00e4sitelt\u00e4v\u00e4\u00e4 aineistoa s\u00e4ilytet\u00e4\u00e4n ja k\u00e4sitell\u00e4\u00e4n lukituissa ja valvotuissa tiloissa.<\/p>\n\n\n\n<p>S\u00e4hk\u00f6isess\u00e4 muodossa tallennettujen tietojen palvelinymp\u00e4rist\u00f6 on palo- ja murtosuojattu ja tarpeen mukaan kahdennettu. S\u00e4hk\u00f6inen aineisto on suojattu palomuureilla, salasanoilla, suojatulla verkkoyhteydell\u00e4 ja muilla tarpeellisilla tavoilla.<\/p>\n\n\n\n<p>Henkil\u00f6tietoja sis\u00e4lt\u00e4vien j\u00e4rjestelmien k\u00e4ytt\u00f6\u00f6n ovat oikeutettuja vain ne ty\u00f6ntekij\u00e4t, joilla on ty\u00f6ns\u00e4 puolesta oikeus k\u00e4sitell\u00e4 kulloinkin kyseess\u00e4 olevia henkil\u00f6tietoja. Jokaisella k\u00e4ytt\u00e4j\u00e4ll\u00e4 yksil\u00f6llinen k\u00e4ytt\u00e4j\u00e4tunnus ja salasana.<\/p>\n\n\n\n<p>Mik\u00e4li sinulla on tietosuojasta kysytt\u00e4v\u00e4\u00e4 tai kerrottavaa, ole yhteydess\u00e4<\/p>\n\n\n\n<p>info@transfeminiinit.fi<\/p>\n\n\n\n<h2 class=\"wp-block-heading has-medium-font-size\">Ev\u00e4steet<\/h2>\n\n\n\n<p>T\u00e4ss\u00e4 ev\u00e4stek\u00e4yt\u00e4nn\u00f6ss\u00e4 kuvataan, mit\u00e4 ev\u00e4steet ovat sek\u00e4 miten ja miksi k\u00e4yt\u00e4mme niit\u00e4.<\/p>\n\n\n\n<p>K\u00e4yt\u00e4mme verkkosivuillamme ev\u00e4steit\u00e4, joita hallinnoi Transfeminiinit ry. Selaamalla verkkosivustoa hyv\u00e4ksyt ev\u00e4steiden k\u00e4yt\u00f6n ja tietojen tallentamisen.<\/p>\n\n\n\n<p>Saatamme muuttaa t\u00e4t\u00e4 ev\u00e4stek\u00e4yt\u00e4nt\u00f6\u00e4, milloin tahansa. P\u00e4iv\u00e4m\u00e4\u00e4r\u00e4 sivun otsikon alla kertoo, milloin t\u00e4m\u00e4 ev\u00e4stek\u00e4yt\u00e4nt\u00f6 on viimeksi p\u00e4ivitetty. Mik\u00e4 tahansa muutos ev\u00e4stek\u00e4yt\u00e4nt\u00f6\u00f6n tulee voimaan heti, kun p\u00e4ivitetty versio on julkaistu verkkosivuillamme.<\/p>\n\n\n\n<h3 class=\"wp-block-heading has-small-font-size\"><strong>Mit\u00e4 ev\u00e4steet ovat?<\/strong><\/h3>\n\n\n\n<p>Ev\u00e4ste (cookie) on pieni tekstitiedosto, jonka internetselain tallentaa laitteellesi.&nbsp;Ev\u00e4steit\u00e4 k\u00e4ytet\u00e4\u00e4n esimerkiksi silloin, kun tietojasi halutaan s\u00e4ilytt\u00e4\u00e4 siirtyess\u00e4si internetpalvelun sivulta toiselle. Ev\u00e4steiden k\u00e4ytt\u00f6 edellytt\u00e4\u00e4 aina sivun k\u00e4ytt\u00e4j\u00e4n suostumuksen.&nbsp;Jos et halua hyv\u00e4ksy\u00e4 ev\u00e4steiden k\u00e4ytt\u00f6\u00e4, on useimmissa selainohjelmissa mahdollisuus kytke\u00e4 ev\u00e4stetoiminto pois p\u00e4\u00e4lt\u00e4. Huomioithan kuitenkin, ett\u00e4 ev\u00e4steet voivat olla tarpeellisia, jotta sivut toimivat tarkoituksenmukaisesti.<\/p>\n\n\n\n<h3 class=\"wp-block-heading has-small-font-size\"><strong>Mihin k\u00e4yt\u00e4mme ev\u00e4steit\u00e4?<\/strong><\/h3>\n\n\n\n<p>Ev\u00e4steill\u00e4 ja muilla vastaavilla tekniikoilla ker\u00e4\u00e4mme tietoja sivustojen sis\u00e4lt\u00f6jen k\u00e4yt\u00f6st\u00e4, kuten tietoja siit\u00e4, mill\u00e4 Transfeminiinit ry:n verkkosivuilla k\u00e4ytt\u00e4j\u00e4 on vieraillut. Ker\u00e4ttyj\u00e4 tietoja k\u00e4yt\u00e4mme k\u00e4ytt\u00e4j\u00e4kokemuksen parantamiseksi, k\u00e4yt\u00f6n yksil\u00f6imiseksi ja k\u00e4vij\u00e4liikenteen tilastointiin sek\u00e4 raportointiin. Lis\u00e4ksi ker\u00e4\u00e4mme teknisi\u00e4 laitetietoja, kuten tietoa selaimesta, k\u00e4ytt\u00f6j\u00e4rjestelm\u00e4st\u00e4 sek\u00e4 IP-osoitteesta&nbsp;sivustojen toiminnan parantamiseksi.<\/p>\n\n\n\n<p>Jos et halua ev\u00e4steit\u00e4 tallennettavan laitteellesi, voit s\u00e4\u00e4t\u00e4\u00e4 selaimesi asetuksista selaimesi kielt\u00e4ytym\u00e4\u00e4n vastaanottamasta ev\u00e4steit\u00e4 (ns. incognito tai private browsing-asetus). T\u00e4m\u00e4n toimenpiteen voi tehd\u00e4 joko ennen palveluiden k\u00e4ytt\u00e4mist\u00e4 tai palvelun k\u00e4yt\u00f6n aikana. Mobiililaitteiden osalta voit my\u00f6s s\u00e4\u00e4t\u00e4\u00e4 laitteesi ja sovelluksiesi asetuksia seurantaominaisuuksiin liittyen.<\/p>\n\n\n\n<p><\/p>\n","protected":false},"excerpt":{"rendered":"<p>Transfeminiinit ry:n tietosuojaselosteja rekisteriseloste P\u00e4ivitetty 08.10.2025 1 Rekisterinpit\u00e4j\u00e4 Transfeminiinit ry info@transfeminiinit.fi www.transfeminiinit.fi 3113398-1 Yhdistyksen p\u00e4\u00e4konttori: Takojankatu 1 c, 3 krs 33540 Tampere Yhteyshenkil\u00f6 rekisteri\u00e4 koskevissa asioissa: J. Toivonen info@transfeminiinit.fi Ker\u00e4\u00e4mme tietoja Transfeminiinit ry:n verkkosivun k\u00e4ytt\u00e4jist\u00e4 vain sen verran ja sit\u00e4 varten, ett\u00e4 saamme numeraalista tietoa, kuinka laajan ryhm\u00e4n ihmisi\u00e4 sivut ja toiminta tavoittavat, jotta pystymme&hellip;<\/p>\n","protected":false},"author":2,"featured_media":0,"parent":0,"menu_order":0,"comment_status":"closed","ping_status":"closed","template":"tw-no-title.php","meta":{"footnotes":""},"class_list":["post-3","page","type-page","status-publish","hentry"],"_links":{"self":[{"href":"https:\/\/www.transfeminiinit.fi\/index.php\/wp-json\/wp\/v2\/pages\/3","targetHints":{"allow":["GET"]}}],"collection":[{"href":"https:\/\/www.transfeminiinit.fi\/index.php\/wp-json\/wp\/v2\/pages"}],"about":[{"href":"https:\/\/www.transfeminiinit.fi\/index.php\/wp-json\/wp\/v2\/types\/page"}],"author":[{"embeddable":true,"href":"https:\/\/www.transfeminiinit.fi\/index.php\/wp-json\/wp\/v2\/users\/2"}],"replies":[{"embeddable":true,"href":"https:\/\/www.transfeminiinit.fi\/index.php\/wp-json\/wp\/v2\/comments?post=3"}],"version-history":[{"count":9,"href":"https:\/\/www.transfeminiinit.fi\/index.php\/wp-json\/wp\/v2\/pages\/3\/revisions"}],"predecessor-version":[{"id":971,"href":"https:\/\/www.transfeminiinit.fi\/index.php\/wp-json\/wp\/v2\/pages\/3\/revisions\/971"}],"wp:attachment":[{"href":"https:\/\/www.transfeminiinit.fi\/index.php\/wp-json\/wp\/v2\/media?parent=3"}],"curies":[{"name":"wp","href":"https:\/\/api.w.org\/{rel}","templated":true}]}}