{"id":537,"date":"2024-06-04T13:34:55","date_gmt":"2024-06-04T10:34:55","guid":{"rendered":"https:\/\/www.transfeminiinit.fi\/?page_id=537"},"modified":"2026-04-30T02:29:52","modified_gmt":"2026-04-29T23:29:52","slug":"tapahtumakalenteri","status":"publish","type":"page","link":"https:\/\/www.transfeminiinit.fi\/index.php\/tapahtumakalenteri\/","title":{"rendered":"Tapahtumakalenteri"},"content":{"rendered":"\n<div class=\"wp-block-group alignwide has-contrast-3-background-color has-background\"><div class=\"wp-block-group__inner-container is-layout-constrained wp-block-group-is-layout-constrained\">\n<div class=\"wp-block-group alignwide has-base-3-background-color has-background\"><div class=\"wp-block-group__inner-container is-layout-constrained wp-block-group-is-layout-constrained\">\n<h1 class=\"wp-block-heading has-text-align-center\">Tapahtumakalenteri<\/h1>\n\n\n\n<hr class=\"wp-block-separator has-text-color has-contrast-3-color has-alpha-channel-opacity has-contrast-3-background-color has-background\"\/>\n\n\n\n<figure class=\"wp-block-image size-full\"><img loading=\"lazy\" decoding=\"async\" width=\"840\" height=\"473\" src=\"https:\/\/www.transfeminiinit.fi\/wp-content\/uploads\/2026\/04\/group.png\" alt=\"\" class=\"wp-image-1307\" srcset=\"https:\/\/www.transfeminiinit.fi\/wp-content\/uploads\/2026\/04\/group.png 840w, https:\/\/www.transfeminiinit.fi\/wp-content\/uploads\/2026\/04\/group-300x169.png 300w, https:\/\/www.transfeminiinit.fi\/wp-content\/uploads\/2026\/04\/group-768x432.png 768w\" sizes=\"auto, (max-width: 840px) 100vw, 840px\" \/><\/figure>\n\n\n\n<hr class=\"wp-block-separator has-text-color has-contrast-3-color has-alpha-channel-opacity has-contrast-3-background-color has-background\"\/>\n\n\n\n<p>Tapahtumakalenterista voit tarkistaa yhdistyksen tapahtumat ja kaikkien paikkakuntien toteutuvat ryhm\u00e4tapaamiset. Voit vaihtaa n\u00e4kym\u00e4\u00e4 kalenteri-, viikko- ja listan\u00e4kym\u00e4n v\u00e4lill\u00e4 kalenterin oikeasta yl\u00e4reunasta.<\/p>\n\n\n\n<p>Tutustu ryhmiimme <a href=\"https:\/\/www.transfeminiinit.fi\/index.php\/toiminta\/ryhmat\/\">t\u00e4\u00e4ll\u00e4<\/a>.<\/p>\n\n\n\n<h2 class=\"wp-block-heading has-text-align-center has-large-font-size\">Google-kalenteri<\/h2>\n\n\n\n<div style=\"height:20px\" aria-hidden=\"true\" class=\"wp-block-spacer\"><\/div>\n\n\n\n<iframe loading=\"lazy\" src=\"https:\/\/calendar.google.com\/calendar\/embed?height=400&#038;wkst=2&#038;ctz=Europe%2FHelsinki&#038;bgcolor=%23A79B8E&#038;showPrint=0&#038;showTz=0&#038;title=Transfeminiinit%20ry%20toiminta&#038;mode=AGENDA&#038;src=Y18zN2VmNDA5ZWRiZDAxZTg1NjFjMjlkNTFiNTlmMjJlOGY0Yzk0NDY2NDg4MzkxMzcwM2M2NTVjNzc4Y2U2ZWM5QGdyb3VwLmNhbGVuZGFyLmdvb2dsZS5jb20&#038;color=%239E69AF\" style=\"border:solid 1px #777\" width=\"900\" height=\"500\" frameborder=\"0\" scrolling=\"no\"><\/iframe>\n\n\n\n<div style=\"height:37px\" aria-hidden=\"true\" class=\"wp-block-spacer\"><\/div>\n\n\n\n<p>Halutessasi voit lis\u00e4t\u00e4 kalenterin omaan Google-kalenteriisi ja tilata ilmoitukset uusista tapahtumista. Huomaathan, ett\u00e4 kalenterissa ei n\u00e4y tapahtumia, jotka on tarkoitettu ainoastaan yhdistyksen j\u00e4senille!<\/p>\n<\/div><\/div>\n<\/div><\/div>\n","protected":false},"excerpt":{"rendered":"<p>Tapahtumakalenteri Tapahtumakalenterista voit tarkistaa yhdistyksen tapahtumat ja kaikkien paikkakuntien toteutuvat ryhm\u00e4tapaamiset. Voit vaihtaa n\u00e4kym\u00e4\u00e4 kalenteri-, viikko- ja listan\u00e4kym\u00e4n v\u00e4lill\u00e4 kalenterin oikeasta yl\u00e4reunasta. Tutustu ryhmiimme t\u00e4\u00e4ll\u00e4. Google-kalenteri Halutessasi voit lis\u00e4t\u00e4 kalenterin omaan Google-kalenteriisi ja tilata ilmoitukset uusista tapahtumista. Huomaathan, ett\u00e4 kalenterissa ei n\u00e4y tapahtumia, jotka on tarkoitettu ainoastaan yhdistyksen j\u00e4senille!<\/p>\n","protected":false},"author":2,"featured_media":0,"parent":0,"menu_order":0,"comment_status":"closed","ping_status":"closed","template":"","meta":{"footnotes":""},"class_list":["post-537","page","type-page","status-publish"],"_links":{"self":[{"href":"https:\/\/www.transfeminiinit.fi\/index.php\/wp-json\/wp\/v2\/pages\/537","targetHints":{"allow":["GET"]}}],"collection":[{"href":"https:\/\/www.transfeminiinit.fi\/index.php\/wp-json\/wp\/v2\/pages"}],"about":[{"href":"https:\/\/www.transfeminiinit.fi\/index.php\/wp-json\/wp\/v2\/types\/page"}],"author":[{"embeddable":true,"href":"https:\/\/www.transfeminiinit.fi\/index.php\/wp-json\/wp\/v2\/users\/2"}],"replies":[{"embeddable":true,"href":"https:\/\/www.transfeminiinit.fi\/index.php\/wp-json\/wp\/v2\/comments?post=537"}],"version-history":[{"count":27,"href":"https:\/\/www.transfeminiinit.fi\/index.php\/wp-json\/wp\/v2\/pages\/537\/revisions"}],"predecessor-version":[{"id":1450,"href":"https:\/\/www.transfeminiinit.fi\/index.php\/wp-json\/wp\/v2\/pages\/537\/revisions\/1450"}],"wp:attachment":[{"href":"https:\/\/www.transfeminiinit.fi\/index.php\/wp-json\/wp\/v2\/media?parent=537"}],"curies":[{"name":"wp","href":"https:\/\/api.w.org\/{rel}","templated":true}]}}