{"id":837,"date":"2025-08-15T16:31:55","date_gmt":"2025-08-15T13:31:55","guid":{"rendered":"https:\/\/www.transfeminiinit.fi\/?page_id=837"},"modified":"2025-10-08T14:03:27","modified_gmt":"2025-10-08T11:03:27","slug":"h-some-finland","status":"publish","type":"page","link":"https:\/\/www.transfeminiinit.fi\/index.php\/h-some-finland\/","title":{"rendered":"H-Some Finland"},"content":{"rendered":"\n<div class=\"wp-block-group is-nowrap is-layout-flex wp-container-core-group-is-layout-6c531013 wp-block-group-is-layout-flex\">\n<h1 class=\"wp-block-heading\" style=\"font-size:42px\">Etsimme vapaaehtoisia raportoimaan Suomessa tapahtuvaa vihapuhetta EU-komissiolle!<\/h1>\n<\/div>\n\n\n\n<div class=\"wp-block-group is-nowrap is-layout-flex wp-container-core-group-is-layout-6c531013 wp-block-group-is-layout-flex\">\n<p>Olemme Transfeminiinit ry:ll\u00e4 mukana EU-komission j\u00e4rjest\u00e4m\u00e4ss\u00e4 Hatespeech Online Monitoring Exercise-hankkeessa. Hankkeessa on mukana useita maita, ja H-Some Finland on Suomen ty\u00f6ryhm\u00e4, josta vastaa meid\u00e4n j\u00e4rjest\u00f6 akkreditoituna vihapuhe raportoijana komissiolle. Tavoitteena on monitoroida somessa tapahtuvaa vihapuhetta sek\u00e4 alustojen reaktiivisuutta vihapuheeseen puuttumisessa. J\u00e4lkeenp\u00e4in tulokset raportoidaan EU-komissiolle. Vihapuheen monitoroinnissa ei keskityt\u00e4 vain sukupuoli- ja seksuaaliv\u00e4hemmist\u00f6ihin. Monitoroinnin kohteisiin kuuluu my\u00f6s muunmuassa rasismi, seksismi ja xenophobia.<\/p>\n<\/div>\n\n\n\n<p>Kokoonnumme tiloissamme Tampereen Pispalassa, ja ty\u00f6skentelet muista vapaaehtoisista koostuvan tiimin kanssa. Toimintaan ei ole mahdollista osallistua et\u00e4n\u00e4. Toimintaan on tervetullut mukaan my\u00f6s Tampereen ulkopuolelta, t\u00e4ll\u00f6in osallistuminen tapahtuu omakustanteisesti.&nbsp;<\/p>\n\n\n\n<p>Tarjoamme merkityksellisen vapaaehtoisty\u00f6n, jatkuvan taustatuen ja innostavan yhteis\u00f6n. Monitoroinnin seurauksena ker\u00e4tyt tiedot auttavat EU-komissiota vahvistamaan otettaan some-alustojen vastuusta vihapuheeseen puuttumisessa. Tavoitteena on siis vihapuheen v\u00e4heneminen somen tulevaisuudessa. Tehd\u00e4\u00e4n yhdess\u00e4 netist\u00e4 turvallisempi tila meille jokaiselle!<\/p>\n\n\n\n<h2 class=\"wp-block-heading has-large-font-size\">Toivomme sinulta:<\/h2>\n\n\n\n<ul class=\"wp-block-list\">\n<li>V\u00e4hint\u00e4\u00e4n 18 vuoden ik\u00e4\u00e4<\/li>\n\n\n\n<li>Perustason tietoteknisi\u00e4 valmiuksia sek\u00e4 yleist\u00e4 tottumusta sosiaalisen median k\u00e4yt\u00f6st\u00e4 (sinulla ei tarvitse olla entuudestaan kokemusta kaikista kanavista). Toiminnan toteuttamiseksi edellytet\u00e4\u00e4n kuitenkin oman k\u00e4ytt\u00e4j\u00e4tilin luominen seurantajakson ajaksi. Perehdyt\u00e4mme tarkemmin kunkin alustan raportointik\u00e4yt\u00e4nt\u00f6ihin koulutusp\u00e4ivien aikana.<br>Seurannassa olevat alustat ovat:<br>&#8211; Meta (Instagram, Facebook)<br>&#8211; Snapchat<br>&#8211; Tiktok<br>&#8211; X<br>&#8211; LinkedIn<br>&#8211; Twitch<br>&#8211; Youtube<br>&#8211; JeuxVideo<br>&#8211; Microsoft Services<br>&#8211; Dailymotion<br>&#8211; Rakuten Viber<\/li>\n\n\n\n<li>Oman el\u00e4m\u00e4n tasapainoa teht\u00e4v\u00e4n luonteen ja vastaan tulevien aiheiden jaksamiseksi<\/li>\n\n\n\n<li>Omien laitteiden (tietokoneen ja \u00e4lypuhelimen) k\u00e4ytt\u00f6mahdollisuutta<\/li>\n<\/ul>\n\n\n\n<p>Osallistuaksesi toimintaan edellyt\u00e4mme <a href=\"https:\/\/www.transfeminiinit.fi\/index.php\/toiminta\/turvallisempi-tila\/\">taustaorganisaatiomme toimintaperiaatteiden <\/a>hyv\u00e4ksymisen. Teht\u00e4v\u00e4\u00e4n valinnat tapahtuvat ilmoittautumislomakkeella annetun hakemuksen perusteella. Valinnasta ilmoitetaan viimeist\u00e4\u00e4n <strong>13.9.<\/strong>&nbsp;<\/p>\n\n\n\n<p><strong>Hakemuslomake on nyt suljettu. Kiitos kaikille osallistuneille!<\/strong><\/p>\n\n\n\n<figure class=\"wp-block-gallery has-nested-images columns-default is-cropped wp-block-gallery-1 is-layout-flex wp-block-gallery-is-layout-flex\">\n<figure class=\"wp-block-image size-large is-resized\"><img decoding=\"async\" data-id=\"847\" src=\"https:\/\/www.transfeminiinit.fi\/wp-content\/uploads\/2025\/08\/h_some2.png\" alt=\"HSOME Finland logo\" class=\"wp-image-847\" style=\"width:161px;height:auto\"\/><\/figure>\n\n\n\n<figure class=\"wp-block-image size-large is-resized\"><img loading=\"lazy\" decoding=\"async\" width=\"538\" height=\"194\" data-id=\"848\" src=\"https:\/\/www.transfeminiinit.fi\/wp-content\/uploads\/2025\/08\/ec-logo-horiz_en.png\" alt=\"European Commission logo\" class=\"wp-image-848\" style=\"width:196px;height:auto\" srcset=\"https:\/\/www.transfeminiinit.fi\/wp-content\/uploads\/2025\/08\/ec-logo-horiz_en.png 538w, https:\/\/www.transfeminiinit.fi\/wp-content\/uploads\/2025\/08\/ec-logo-horiz_en-300x108.png 300w\" sizes=\"auto, (max-width: 538px) 100vw, 538px\" \/><\/figure>\n<\/figure>\n\n\n\n<p><\/p>\n","protected":false},"excerpt":{"rendered":"<p>Etsimme vapaaehtoisia raportoimaan Suomessa tapahtuvaa vihapuhetta EU-komissiolle! Olemme Transfeminiinit ry:ll\u00e4 mukana EU-komission j\u00e4rjest\u00e4m\u00e4ss\u00e4 Hatespeech Online Monitoring Exercise-hankkeessa. Hankkeessa on mukana useita maita, ja H-Some Finland on Suomen ty\u00f6ryhm\u00e4, josta vastaa meid\u00e4n j\u00e4rjest\u00f6 akkreditoituna vihapuhe raportoijana komissiolle. Tavoitteena on monitoroida somessa tapahtuvaa vihapuhetta sek\u00e4 alustojen reaktiivisuutta vihapuheeseen puuttumisessa. J\u00e4lkeenp\u00e4in tulokset raportoidaan EU-komissiolle. Vihapuheen monitoroinnissa ei keskityt\u00e4&hellip;<\/p>\n","protected":false},"author":6,"featured_media":0,"parent":0,"menu_order":0,"comment_status":"closed","ping_status":"closed","template":"tw-no-title.php","meta":{"footnotes":""},"class_list":["post-837","page","type-page","status-publish","hentry"],"_links":{"self":[{"href":"https:\/\/www.transfeminiinit.fi\/index.php\/wp-json\/wp\/v2\/pages\/837","targetHints":{"allow":["GET"]}}],"collection":[{"href":"https:\/\/www.transfeminiinit.fi\/index.php\/wp-json\/wp\/v2\/pages"}],"about":[{"href":"https:\/\/www.transfeminiinit.fi\/index.php\/wp-json\/wp\/v2\/types\/page"}],"author":[{"embeddable":true,"href":"https:\/\/www.transfeminiinit.fi\/index.php\/wp-json\/wp\/v2\/users\/6"}],"replies":[{"embeddable":true,"href":"https:\/\/www.transfeminiinit.fi\/index.php\/wp-json\/wp\/v2\/comments?post=837"}],"version-history":[{"count":18,"href":"https:\/\/www.transfeminiinit.fi\/index.php\/wp-json\/wp\/v2\/pages\/837\/revisions"}],"predecessor-version":[{"id":965,"href":"https:\/\/www.transfeminiinit.fi\/index.php\/wp-json\/wp\/v2\/pages\/837\/revisions\/965"}],"wp:attachment":[{"href":"https:\/\/www.transfeminiinit.fi\/index.php\/wp-json\/wp\/v2\/media?parent=837"}],"curies":[{"name":"wp","href":"https:\/\/api.w.org\/{rel}","templated":true}]}}