{"id":87,"date":"2024-04-08T14:01:47","date_gmt":"2024-04-08T11:01:47","guid":{"rendered":"https:\/\/www.transfem.fi\/?page_id=87"},"modified":"2026-01-05T10:42:41","modified_gmt":"2026-01-05T08:42:41","slug":"jasenyys","status":"publish","type":"page","link":"https:\/\/www.transfeminiinit.fi\/index.php\/yhdistys\/jasenyys\/","title":{"rendered":"J\u00e4senyys"},"content":{"rendered":"\n<div class=\"wp-block-group alignfull has-background\" style=\"background-color:#ffe8f4\"><div class=\"wp-block-group__inner-container is-layout-flow wp-block-group-is-layout-flow\">\n<div class=\"wp-block-media-text alignwide has-media-on-the-right is-stacked-on-mobile tw-stack-md tw-media-bottom\"><div class=\"wp-block-media-text__content\">\n<h1 class=\"wp-block-heading\">Transfeminiinien j\u00e4senyys<\/h1>\n<\/div><figure class=\"wp-block-media-text__media\"><img loading=\"lazy\" decoding=\"async\" width=\"1024\" height=\"895\" src=\"https:\/\/www.transfem.fi\/wp-content\/uploads\/2024\/04\/transfem_lippu-1024x895.png\" alt=\"\" class=\"wp-image-187 size-full\" srcset=\"https:\/\/www.transfeminiinit.fi\/wp-content\/uploads\/2024\/04\/transfem_lippu-1024x895.png 1024w, https:\/\/www.transfeminiinit.fi\/wp-content\/uploads\/2024\/04\/transfem_lippu-300x262.png 300w, https:\/\/www.transfeminiinit.fi\/wp-content\/uploads\/2024\/04\/transfem_lippu-768x672.png 768w, https:\/\/www.transfeminiinit.fi\/wp-content\/uploads\/2024\/04\/transfem_lippu-1536x1343.png 1536w, https:\/\/www.transfeminiinit.fi\/wp-content\/uploads\/2024\/04\/transfem_lippu-2048x1791.png 2048w, https:\/\/www.transfeminiinit.fi\/wp-content\/uploads\/2024\/04\/transfem_lippu-1200x1049.png 1200w, https:\/\/www.transfeminiinit.fi\/wp-content\/uploads\/2024\/04\/transfem_lippu-1980x1731.png 1980w\" sizes=\"auto, (max-width: 1024px) 100vw, 1024px\" \/><\/figure><\/div>\n<\/div><\/div>\n\n\n\n<div class=\"wp-block-group\" style=\"padding-top:var(--wp--preset--spacing--80);padding-bottom:var(--wp--preset--spacing--80)\"><div class=\"wp-block-group__inner-container is-layout-constrained wp-block-group-is-layout-constrained\">\n<h2 class=\"wp-block-heading\">Liity j\u00e4seneksi<\/h2>\n\n\n\n<p>Helpoin keino tukea toimintaamme ja tulla mukaan on liitty\u00e4 yhdistyksen j\u00e4seneksi tai lahjoittaa ty\u00f6h\u00f6mme. J\u00e4senmaksut ja lahjoitukset mahdollistavat yhdistyksemme toiminnan sek\u00e4 ihmisoikeusty\u00f6n jatkumisen nyt ja tulevaisuudessa.<\/p>\n\n\n\n<p><a href=\"https:\/\/atom.flomembers.com\/transfeminiinit\/members\/application?_lang=fi\">Liity j\u00e4seneksi<\/a><\/p>\n\n\n\n<p>Muistathan kuitenkin, ett\u00e4 voit osallistua toimintaamme ja ryhmiimme maksutta, vaikka et olisikaan yhdistyksen j\u00e4sen.<\/p>\n\n\n\n<p>J\u00e4senen\u00e4 saat \u00e4\u00e4nioikeuden yhdistyksen kev\u00e4t- ja syyskokouksissa, sek\u00e4 erilaisia etuja yhteisty\u00f6kumppaneiltamme. K\u00e4yt\u00f6ss\u00e4mme on kattoj\u00e4rjest\u00f6mme Setan alainen j\u00e4senrekisteri ja j\u00e4senkortti, jolla saat etuja ja alennuksia yhteisty\u00f6kumppaneiltamme.<\/p>\n\n\n\n<p>Liittyess\u00e4si yhdistyksen j\u00e4seneksi hyv\u00e4ksyt <a href=\"https:\/\/www.transfem.fi\/?page_id=84\" data-type=\"page\" data-id=\"84\">yhdistyksen s\u00e4\u00e4nn\u00f6t<\/a>, turvallisemman tilan periaatteet ja rekisteriselosteen. Hallitus hyv\u00e4ksyy uudet j\u00e4senet kokouksissaan hakemuksien saavuttua. Olethan k\u00e4rsiv\u00e4llinen hakemuksen hyv\u00e4ksymisen kanssa, pyrimme tekem\u00e4\u00e4n sen aina mahdollisimman pian!<\/p>\n\n\n\n<p>J\u00e4seneksi liittyminen on helppoa! K\u00e4yt\u00f6ss\u00e4mme on tietoturvallinen ja suomalainen FloMembers -palvelu, jonka kautta p\u00e4\u00e4set maksamaan j\u00e4senmaksun heti j\u00e4senhakemuksen t\u00e4ytetty\u00e4si, muokkaamaan tietojasi j\u00e4senrekisteriss\u00e4 ja lataamaan digitaalisen j\u00e4senkorttisi heti k\u00e4ytt\u00f6\u00f6si. <\/p>\n\n\n\n<p>J\u00e4senrekisteriin liittyviss\u00e4 kysymyksiss\u00e4 ja ongelmissa olethan yhteydess\u00e4 s\u00e4hk\u00f6postitse j\u00e4sensihteeriimme, jasen[a]transfeminiinit.fi.<\/p>\n<\/div><\/div>\n\n\n\n<section class=\"wp-block-group alignfull blue has-background\" style=\"background-color:#daf5ff\"><div class=\"wp-block-group__inner-container is-layout-flow wp-block-group-is-layout-flow\">\n<h2 class=\"wp-block-heading\">J\u00e4senedut<\/h2>\n\n\n\n<p>J\u00e4senen\u00e4 saat etuja yhteisty\u00f6kumppaneiltamme. T\u00e4m\u00e4n hetkiset edut j\u00e4senkortillamme:<\/p>\n\n\n\n<ul class=\"wp-block-list is-style-tw-dash\">\n<li><a href=\"https:\/\/www.sateenkaarikauppa.fi\" target=\"_blank\" rel=\"noreferrer noopener\">Sateenkaarikauppa<\/a>, -10% normaalihintaisista tuotteista j\u00e4senkoodilla<\/li>\n\n\n\n<li><a href=\"https:\/\/jadeia.fi\" target=\"_blank\" rel=\"noreferrer noopener\">Jadeia<\/a>, Parturi-kampaamopalvelut -5%, IPL-valoimpulssi ihokarvojen poistoon -30%, kynsipalvelut -15%<\/li>\n\n\n\n<li><a href=\"https:\/\/mixei.com\">Mixei<\/a>, Sis\u00e4\u00e4np\u00e4\u00e4sy normaaleina iltoina 4\u20ac (K18)<\/li>\n\n\n\n<li><a href=\"https:\/\/www.aistikaskauneus.fi\">Aistikas Body &amp; Mind<\/a>, Ripsipidennykset -10%, muut kauneudenhoitopalvelut -20%<\/li>\n<\/ul>\n<\/div><\/section>\n\n\n\n<h2 class=\"wp-block-heading\">Lahjoita ty\u00f6h\u00f6mme<\/h2>\n\n\n\n<p>Voit tukea ty\u00f6t\u00e4mme ihmisoikeuksien eteen lahjoittamalla. Kaikki lahjoitukset Transfeminiinit ry:n ty\u00f6h\u00f6n tulee tehd\u00e4 Seta ry:n sivujen kautta. Lahjoittamaan p\u00e4\u00e4set alta.<\/p>\n\n\n\n<p>L\u00e4mmin kiitos lahjoituksestasi!<\/p>\n\n\n\n<p><a href=\"https:\/\/seta.fi\/tue\/transfeminiinit-ry\/\">https:\/\/seta.fi\/tue\/transfeminiinit-ry\/<\/a><\/p>\n\n\n\n<figure class=\"wp-block-embed is-type-wp-embed is-provider-seta-ry wp-block-embed-seta-ry\"><div class=\"wp-block-embed__wrapper\">\n<blockquote hcb-fetch-image-from=\"https:\/\/seta.fi\/tue\/transfeminiinit-ry\" class=\"wp-embedded-content\" data-secret=\"sNRDUAvexK\"><a href=\"https:\/\/seta.fi\/tue\/transfeminiinit-ry\/\">Transfeminiinit ry<\/a><\/blockquote><iframe loading=\"lazy\" class=\"wp-embedded-content\" sandbox=\"allow-scripts\" security=\"restricted\" style=\"position: absolute; visibility: hidden;\" title=\"&#8221;Transfeminiinit ry&#8221; &#8212; Seta ry\" src=\"https:\/\/seta.fi\/tue\/transfeminiinit-ry\/embed\/#?secret=53TBJsJjiT#?secret=sNRDUAvexK\" data-secret=\"sNRDUAvexK\" width=\"600\" height=\"338\" frameborder=\"0\" marginwidth=\"0\" marginheight=\"0\" scrolling=\"no\"><\/iframe>\n<\/div><\/figure>\n\n\n\n<p>Saaja: Seta ry<br>Ker\u00e4ystili: IBAN: FI21 8000 1571 0819 35; BIC: DABAFIHH<br>Viite: 500432<\/p>\n\n\n\n<h3 class=\"wp-block-heading has-normal-font-size\">Rahanker\u00e4yslupa:<\/h3>\n\n\n\n<p>Luvan numero: RA\/2022\/107<\/p>\n\n\n\n<p>Ker\u00e4yksen j\u00e4rjest\u00e4j\u00e4: Seta ry<\/p>\n\n\n\n<p>Yhteystiedot: Seta ry, Pasilanraitio 5, 00240 Helsinki,&nbsp;<a href=\"mailto:teemu.halme@seta.fi\" target=\"_blank\" rel=\"noreferrer noopener\">teemu.halme@seta.fi<\/a>, 050 400 7789<\/p>\n\n\n\n<p>K\u00e4ytt\u00f6tarkoitus: T\u00e4m\u00e4n ker\u00e4yskohteen lahjoitukset annetaan Transfeminiinit ry:lle k\u00e4ytett\u00e4v\u00e4ksi yhdistyksen yleishy\u00f6dylliseen toimintaan. Lahjoitusten avulla j\u00e4rjest\u00f6 voi mm. edist\u00e4\u00e4 sateenkaari-ihmisten ihmisoikeuksia, toteuttaa j\u00e4sentapahtumia, yleis\u00f6tapahtumia, koulutuksia ja vertaistoimintaa sek\u00e4 tehd\u00e4 viestint\u00e4\u00e4 sateenkaari-ihmisi\u00e4 koskettavista aiheista.<\/p>\n","protected":false},"excerpt":{"rendered":"<p>Transfeminiinien j\u00e4senyys Liity j\u00e4seneksi Helpoin keino tukea toimintaamme ja tulla mukaan on liitty\u00e4 yhdistyksen j\u00e4seneksi tai lahjoittaa ty\u00f6h\u00f6mme. J\u00e4senmaksut ja lahjoitukset mahdollistavat yhdistyksemme toiminnan sek\u00e4 ihmisoikeusty\u00f6n jatkumisen nyt ja tulevaisuudessa. Liity j\u00e4seneksi Muistathan kuitenkin, ett\u00e4 voit osallistua toimintaamme ja ryhmiimme maksutta, vaikka et olisikaan yhdistyksen j\u00e4sen. J\u00e4senen\u00e4 saat \u00e4\u00e4nioikeuden yhdistyksen kev\u00e4t- ja syyskokouksissa, sek\u00e4 erilaisia&hellip;<\/p>\n","protected":false},"author":2,"featured_media":0,"parent":76,"menu_order":0,"comment_status":"closed","ping_status":"closed","template":"tw-no-title.php","meta":{"footnotes":""},"class_list":["post-87","page","type-page","status-publish","hentry"],"_links":{"self":[{"href":"https:\/\/www.transfeminiinit.fi\/index.php\/wp-json\/wp\/v2\/pages\/87","targetHints":{"allow":["GET"]}}],"collection":[{"href":"https:\/\/www.transfeminiinit.fi\/index.php\/wp-json\/wp\/v2\/pages"}],"about":[{"href":"https:\/\/www.transfeminiinit.fi\/index.php\/wp-json\/wp\/v2\/types\/page"}],"author":[{"embeddable":true,"href":"https:\/\/www.transfeminiinit.fi\/index.php\/wp-json\/wp\/v2\/users\/2"}],"replies":[{"embeddable":true,"href":"https:\/\/www.transfeminiinit.fi\/index.php\/wp-json\/wp\/v2\/comments?post=87"}],"version-history":[{"count":24,"href":"https:\/\/www.transfeminiinit.fi\/index.php\/wp-json\/wp\/v2\/pages\/87\/revisions"}],"predecessor-version":[{"id":1142,"href":"https:\/\/www.transfeminiinit.fi\/index.php\/wp-json\/wp\/v2\/pages\/87\/revisions\/1142"}],"up":[{"embeddable":true,"href":"https:\/\/www.transfeminiinit.fi\/index.php\/wp-json\/wp\/v2\/pages\/76"}],"wp:attachment":[{"href":"https:\/\/www.transfeminiinit.fi\/index.php\/wp-json\/wp\/v2\/media?parent=87"}],"curies":[{"name":"wp","href":"https:\/\/api.w.org\/{rel}","templated":true}]}}