{"id":90,"date":"2024-04-08T14:06:19","date_gmt":"2024-04-08T11:06:19","guid":{"rendered":"https:\/\/www.transfem.fi\/?page_id=90"},"modified":"2026-04-30T06:40:53","modified_gmt":"2026-04-30T03:40:53","slug":"toiminta","status":"publish","type":"page","link":"https:\/\/www.transfeminiinit.fi\/index.php\/toiminta\/","title":{"rendered":"Toiminta"},"content":{"rendered":"\n<div class=\"wp-block-group alignwide has-base-background-color has-background\"><div class=\"wp-block-group__inner-container is-layout-flow wp-block-group-is-layout-flow\">\n<div class=\"wp-block-group alignwide lines-bg-1 has-base-3-background-color has-background\"><div class=\"wp-block-group__inner-container is-layout-constrained wp-block-group-is-layout-constrained\">\n<div style=\"height:16px\" aria-hidden=\"true\" class=\"wp-block-spacer\"><\/div>\n\n\n\n<h1 class=\"wp-block-heading has-0-b-3778-color has-text-color has-link-color wp-elements-090628afdd9787c723c2b526ee24219a\" style=\"font-size:55px\">Yhdistyksen toiminta<\/h1>\n\n\n\n<div style=\"height:16px\" aria-hidden=\"true\" class=\"wp-block-spacer\"><\/div>\n<\/div><\/div>\n<\/div><\/div>\n\n\n\n<div style=\"height:47px\" aria-hidden=\"true\" class=\"wp-block-spacer\"><\/div>\n\n\n\n<div class=\"wp-block-group alignwide has-contrast-3-background-color has-background\"><div class=\"wp-block-group__inner-container is-layout-flow wp-block-group-is-layout-flow\">\n<div class=\"wp-block-group alignwide has-base-3-background-color has-background\"><div class=\"wp-block-group__inner-container is-layout-constrained wp-block-group-is-layout-constrained\">\n<h2 class=\"wp-block-heading\">Vertaistuki<\/h2>\n\n\n\n<p>Yhdistyksemme tarjoaa transnaisille ja -feminiineille laajaa vertaistukitoimintaa niin netiss\u00e4 kuin l\u00e4hitapaamisina. Ryhmi\u00e4 j\u00e4rjestet\u00e4\u00e4n eri paikkakunnilla v\u00e4hint\u00e4\u00e4n kerran kuukaudessa, suuremmilla paikkakunnilla kaksi kertaa kuukaudessa.<\/p>\n\n\n\n<div class=\"wp-block-buttons is-layout-flex wp-block-buttons-is-layout-flex\">\n<div class=\"wp-block-button\"><a class=\"wp-block-button__link has-base-3-color has-constrast-background-color has-text-color has-background has-link-color wp-element-button\" style=\"border-top-left-radius:100px;border-top-right-radius:100px;border-bottom-left-radius:100px;border-bottom-right-radius:100px\">Lue lis\u00e4\u00e4 vertaistuesta<\/a><\/div>\n<\/div>\n\n\n\n<hr class=\"wp-block-separator has-text-color has-contrast-3-color has-alpha-channel-opacity has-contrast-3-background-color has-background\"\/>\n\n\n\n<figure class=\"wp-block-image size-large is-style-rounded-edit\"><img loading=\"lazy\" decoding=\"async\" width=\"1024\" height=\"683\" src=\"https:\/\/www.transfeminiinit.fi\/wp-content\/uploads\/2026\/04\/hands-on-knee-1024x683.jpg\" alt=\"\" class=\"wp-image-1308\" srcset=\"https:\/\/www.transfeminiinit.fi\/wp-content\/uploads\/2026\/04\/hands-on-knee-1024x683.jpg 1024w, https:\/\/www.transfeminiinit.fi\/wp-content\/uploads\/2026\/04\/hands-on-knee-300x200.jpg 300w, https:\/\/www.transfeminiinit.fi\/wp-content\/uploads\/2026\/04\/hands-on-knee-768x512.jpg 768w, https:\/\/www.transfeminiinit.fi\/wp-content\/uploads\/2026\/04\/hands-on-knee-1536x1024.jpg 1536w, https:\/\/www.transfeminiinit.fi\/wp-content\/uploads\/2026\/04\/hands-on-knee-2048x1366.jpg 2048w\" sizes=\"auto, (max-width: 1024px) 100vw, 1024px\" \/><\/figure>\n<\/div><\/div>\n<\/div><\/div>\n\n\n\n<div style=\"height:47px\" aria-hidden=\"true\" class=\"wp-block-spacer\"><\/div>\n\n\n\n<section class=\"wp-block-group alignwide blue has-base-background-color has-background\"><div class=\"wp-block-group__inner-container is-layout-flow wp-block-group-is-layout-flow\">\n<div class=\"wp-block-group alignwide has-base-3-background-color has-background\"><div class=\"wp-block-group__inner-container is-layout-constrained wp-block-group-is-layout-constrained\">\n<h2 class=\"wp-block-heading has-0-b-3778-color has-text-color has-link-color wp-elements-bef2fdd1d02419c09a7b87e631c2b930\">Hankkeet<\/h2>\n\n\n\n<hr class=\"wp-block-separator has-text-color has-base-color has-alpha-channel-opacity has-base-background-color has-background\"\/>\n\n\n<div class=\"wp-block-image is-style-rounded-edit\">\n<figure class=\"alignright size-full\"><img loading=\"lazy\" decoding=\"async\" width=\"409\" height=\"306\" src=\"https:\/\/www.transfeminiinit.fi\/wp-content\/uploads\/2026\/04\/prideflags.jpg\" alt=\"\" class=\"wp-image-1317\" srcset=\"https:\/\/www.transfeminiinit.fi\/wp-content\/uploads\/2026\/04\/prideflags.jpg 409w, https:\/\/www.transfeminiinit.fi\/wp-content\/uploads\/2026\/04\/prideflags-300x224.jpg 300w\" sizes=\"auto, (max-width: 409px) 100vw, 409px\" \/><\/figure>\n<\/div>\n\n\n<p class=\"has-0-b-3778-color has-text-color has-link-color wp-elements-a80df4faf38f6193011a146483dc8630\">Olemme saaneet rahoitusta useisiin eri hankkeisiin ja monenlaiseen toimintaan. Hankkeet ovat olleet valtava osa toimintamme vaikuttavuudesta ihmisten el\u00e4m\u00e4\u00e4n. J\u00e4rjest\u00f6mme toteuttamiin hankkeisiin kuuluu muunmuassa ty\u00f6llist\u00e4v\u00e4\u00e4 toimintaa, tutkimusty\u00f6t\u00e4 sek\u00e4 voimaannuttavaa toimintaa.<\/p>\n\n\n\n<div class=\"wp-block-buttons is-layout-flex wp-block-buttons-is-layout-flex\">\n<div class=\"wp-block-button\"><a class=\"wp-block-button__link wp-element-button\">Lue lis\u00e4\u00e4 hankkeistamme<\/a><\/div>\n<\/div>\n<\/div><\/div>\n<\/div><\/section>\n\n\n\n<div style=\"height:47px\" aria-hidden=\"true\" class=\"wp-block-spacer\"><\/div>\n\n\n\n<div class=\"wp-block-group alignwide has-contrast-3-background-color has-background\"><div class=\"wp-block-group__inner-container is-layout-constrained wp-block-group-is-layout-constrained\">\n<div class=\"wp-block-group alignwide has-base-3-background-color has-background\"><div class=\"wp-block-group__inner-container is-layout-constrained wp-block-group-is-layout-constrained\">\n<h2 class=\"wp-block-heading\">Koulutukset<\/h2>\n\n\n\n<hr class=\"wp-block-separator has-text-color has-contrast-3-color has-alpha-channel-opacity has-contrast-3-background-color has-background\"\/>\n\n\n<div class=\"wp-block-image\">\n<figure class=\"alignleft size-full\"><img loading=\"lazy\" decoding=\"async\" width=\"458\" height=\"324\" src=\"https:\/\/www.transfeminiinit.fi\/wp-content\/uploads\/2026\/04\/pc-mic-toiminta.png\" alt=\"\" class=\"wp-image-1315\" srcset=\"https:\/\/www.transfeminiinit.fi\/wp-content\/uploads\/2026\/04\/pc-mic-toiminta.png 458w, https:\/\/www.transfeminiinit.fi\/wp-content\/uploads\/2026\/04\/pc-mic-toiminta-300x212.png 300w\" sizes=\"auto, (max-width: 458px) 100vw, 458px\" \/><\/figure>\n<\/div>\n\n\n<p>Tarjoamme sukupuolen moninaisuuden ja seksuaalisen suuntautumisen perustietoutta koululuokille, opettajille ja vanhemmille. Opetamme my\u00f6s yritysten ja organisaatioiden henkil\u00f6st\u00f6lle yhdenvertaisuus- ja tasa-arvokysymyksiss\u00e4. Koulutamme suomeksi, ruotsiksi ja englanniksi.<\/p>\n\n\n\n<div class=\"wp-block-buttons is-layout-flex wp-block-buttons-is-layout-flex\">\n<div class=\"wp-block-button\"><a class=\"wp-block-button__link has-contrast-background-color has-background wp-element-button\">Lue lis\u00e4\u00e4 koulutuksista<\/a><\/div>\n<\/div>\n<\/div><\/div>\n<\/div><\/div>\n\n\n\n<div style=\"height:47px\" aria-hidden=\"true\" class=\"wp-block-spacer\"><\/div>\n\n\n\n<div class=\"wp-block-group alignwide has-base-background-color has-background\"><div class=\"wp-block-group__inner-container is-layout-flow wp-block-group-is-layout-flow\">\n<div class=\"wp-block-group alignwide has-base-3-background-color has-background\"><div class=\"wp-block-group__inner-container is-layout-constrained wp-block-group-is-layout-constrained\">\n<figure class=\"wp-block-image size-full\"><img loading=\"lazy\" decoding=\"async\" width=\"840\" height=\"545\" src=\"https:\/\/www.transfeminiinit.fi\/wp-content\/uploads\/2026\/04\/transflag-pride-event2.jpg\" alt=\"\" class=\"wp-image-1323\" srcset=\"https:\/\/www.transfeminiinit.fi\/wp-content\/uploads\/2026\/04\/transflag-pride-event2.jpg 840w, https:\/\/www.transfeminiinit.fi\/wp-content\/uploads\/2026\/04\/transflag-pride-event2-300x195.jpg 300w, https:\/\/www.transfeminiinit.fi\/wp-content\/uploads\/2026\/04\/transflag-pride-event2-768x498.jpg 768w\" sizes=\"auto, (max-width: 840px) 100vw, 840px\" \/><\/figure>\n\n\n\n<hr class=\"wp-block-separator has-text-color has-base-color has-alpha-channel-opacity has-base-background-color has-background\"\/>\n\n\n\n<h2 class=\"wp-block-heading has-0-b-3778-color has-text-color has-link-color has-h-2-font-size wp-elements-a9b1507d0d975b3ab978343d4f544855\">Vaikuttamisty\u00f6<\/h2>\n\n\n\n<p class=\"has-0-b-3778-color has-text-color has-link-color wp-elements-a1fc24bd649ec9c94aa9392d0a412727\">Yhdistys on merkitt\u00e4v\u00e4 vaikuttaja transihmisten oikeuksien toteutumisen osalta Suomessa. Olimme muun muassa keskeisesti mukana translain uudistuksessa ja teemme vaikuttamisty\u00f6t\u00e4 yhteisty\u00f6ss\u00e4 muiden j\u00e4rjest\u00f6jen kanssa.<\/p>\n\n\n\n<div class=\"wp-block-buttons is-layout-flex wp-block-buttons-is-layout-flex\">\n<div class=\"wp-block-button\"><a class=\"wp-block-button__link wp-element-button\" href=\"https:\/\/www.transfeminiinit.fi\/index.php\/toiminta\/vaikuttaminen\/\">Lue lis\u00e4\u00e4 vaikuttamisty\u00f6st\u00e4<\/a><\/div>\n<\/div>\n<\/div><\/div>\n<\/div><\/div>\n\n\n\n<div style=\"height:47px\" aria-hidden=\"true\" class=\"wp-block-spacer\"><\/div>\n\n\n\n<section class=\"wp-block-group alignwide has-contrast-3-background-color has-background\"><div class=\"wp-block-group__inner-container is-layout-flow wp-block-group-is-layout-flow\">\n<div class=\"wp-block-group alignwide lines-bg-4 has-base-3-background-color has-background\"><div class=\"wp-block-group__inner-container is-layout-constrained wp-block-group-is-layout-constrained\">\n<h2 class=\"wp-block-heading has-h-2-font-size\">L\u00e4\u00e4ketieteellinen neuvonta<\/h2>\n\n\n<div class=\"wp-block-image\">\n<figure class=\"alignright size-full\"><img loading=\"lazy\" decoding=\"async\" width=\"251\" height=\"285\" src=\"https:\/\/www.transfeminiinit.fi\/wp-content\/uploads\/2026\/04\/thinking.png\" alt=\"\" class=\"wp-image-1321\"\/><\/figure>\n<\/div>\n\n\n<hr class=\"wp-block-separator has-text-color has-contrast-3-color has-alpha-channel-opacity has-contrast-3-background-color has-background\"\/>\n\n\n\n<p>Tarjoamme ilmaista ja yleist\u00e4 l\u00e4\u00e4ketieteellist\u00e4 neuvontaa l\u00e4\u00e4ketieteellisen asiantuntijamme omien erikoisalojen puitteissa. Neuvonnan tavoitteena on tukea transihmisten parempaa terveytt\u00e4.<\/p>\n\n\n\n<div class=\"wp-block-buttons is-layout-flex wp-block-buttons-is-layout-flex\">\n<div class=\"wp-block-button\"><a class=\"wp-block-button__link has-contrast-background-color has-background wp-element-button\" href=\"https:\/\/www.transfeminiinit.fi\/index.php\/toiminta\/oikeudellinen-neuvonta\/\">Lue lis\u00e4\u00e4 neuvonnasta<\/a><\/div>\n<\/div>\n<\/div><\/div>\n<\/div><\/section>\n\n\n\n<div style=\"height:47px\" aria-hidden=\"true\" class=\"wp-block-spacer\"><\/div>\n","protected":false},"excerpt":{"rendered":"<p>Yhdistyksen toiminta Vertaistuki Yhdistyksemme tarjoaa transnaisille ja -feminiineille laajaa vertaistukitoimintaa niin netiss\u00e4 kuin l\u00e4hitapaamisina. Ryhmi\u00e4 j\u00e4rjestet\u00e4\u00e4n eri paikkakunnilla v\u00e4hint\u00e4\u00e4n kerran kuukaudessa, suuremmilla paikkakunnilla kaksi kertaa kuukaudessa. Hankkeet Olemme saaneet rahoitusta useisiin eri hankkeisiin ja monenlaiseen toimintaan. Hankkeet ovat olleet valtava osa toimintamme vaikuttavuudesta ihmisten el\u00e4m\u00e4\u00e4n. J\u00e4rjest\u00f6mme toteuttamiin hankkeisiin kuuluu muunmuassa ty\u00f6llist\u00e4v\u00e4\u00e4 toimintaa, tutkimusty\u00f6t\u00e4 sek\u00e4 voimaannuttavaa &#8230; <a title=\"Toiminta\" class=\"read-more\" href=\"https:\/\/www.transfeminiinit.fi\/index.php\/toiminta\/\" aria-label=\"Lue lis\u00e4\u00e4 aiheesta Toiminta\">Lue lis\u00e4\u00e4<\/a><\/p>\n","protected":false},"author":2,"featured_media":0,"parent":0,"menu_order":0,"comment_status":"closed","ping_status":"closed","template":"","meta":{"footnotes":""},"class_list":["post-90","page","type-page","status-publish"],"_links":{"self":[{"href":"https:\/\/www.transfeminiinit.fi\/index.php\/wp-json\/wp\/v2\/pages\/90","targetHints":{"allow":["GET"]}}],"collection":[{"href":"https:\/\/www.transfeminiinit.fi\/index.php\/wp-json\/wp\/v2\/pages"}],"about":[{"href":"https:\/\/www.transfeminiinit.fi\/index.php\/wp-json\/wp\/v2\/types\/page"}],"author":[{"embeddable":true,"href":"https:\/\/www.transfeminiinit.fi\/index.php\/wp-json\/wp\/v2\/users\/2"}],"replies":[{"embeddable":true,"href":"https:\/\/www.transfeminiinit.fi\/index.php\/wp-json\/wp\/v2\/comments?post=90"}],"version-history":[{"count":2,"href":"https:\/\/www.transfeminiinit.fi\/index.php\/wp-json\/wp\/v2\/pages\/90\/revisions"}],"predecessor-version":[{"id":1681,"href":"https:\/\/www.transfeminiinit.fi\/index.php\/wp-json\/wp\/v2\/pages\/90\/revisions\/1681"}],"wp:attachment":[{"href":"https:\/\/www.transfeminiinit.fi\/index.php\/wp-json\/wp\/v2\/media?parent=90"}],"curies":[{"name":"wp","href":"https:\/\/api.w.org\/{rel}","templated":true}]}}