{"id":97,"date":"2024-04-08T14:11:15","date_gmt":"2024-04-08T11:11:15","guid":{"rendered":"https:\/\/www.transfem.fi\/?page_id=97"},"modified":"2026-04-30T03:00:32","modified_gmt":"2026-04-30T00:00:32","slug":"koulutukset","status":"publish","type":"page","link":"https:\/\/www.transfeminiinit.fi\/index.php\/toiminta\/koulutukset\/","title":{"rendered":"Koulutukset"},"content":{"rendered":"\n<div class=\"wp-block-group alignwide has-contrast-3-background-color has-background\"><div class=\"wp-block-group__inner-container is-layout-constrained wp-block-group-is-layout-constrained\">\n<div class=\"wp-block-group alignwide has-base-3-background-color has-background\"><div class=\"wp-block-group__inner-container is-layout-constrained wp-block-group-is-layout-constrained\">\n<h1 class=\"wp-block-heading has-text-align-center\">Tilaa juuri teille r\u00e4\u00e4t\u00e4l\u00f6ity koulutus!<\/h1>\n\n\n\n<hr class=\"wp-block-separator has-text-color has-contrast-3-color has-alpha-channel-opacity has-contrast-3-background-color has-background\"\/>\n\n\n\n<figure class=\"wp-block-image size-full\"><img loading=\"lazy\" decoding=\"async\" width=\"840\" height=\"630\" src=\"https:\/\/www.transfeminiinit.fi\/wp-content\/uploads\/2026\/04\/trans-flag-street.jpg\" alt=\"\" class=\"wp-image-1325\" srcset=\"https:\/\/www.transfeminiinit.fi\/wp-content\/uploads\/2026\/04\/trans-flag-street.jpg 840w, https:\/\/www.transfeminiinit.fi\/wp-content\/uploads\/2026\/04\/trans-flag-street-300x225.jpg 300w, https:\/\/www.transfeminiinit.fi\/wp-content\/uploads\/2026\/04\/trans-flag-street-768x576.jpg 768w\" sizes=\"auto, (max-width: 840px) 100vw, 840px\" \/><\/figure>\n\n\n\n<hr class=\"wp-block-separator has-text-color has-contrast-3-color has-alpha-channel-opacity has-contrast-3-background-color has-background is-style-rounded-edit\"\/>\n\n\n\n<p><strong>Kysy koulutuspaketeistamme lis\u00e4\u00e4 s\u00e4hk\u00f6postitse:<\/strong><br>info[a]transfeminiinit.fi<br>tanja[a]transfeminiinit.fi<\/p>\n\n\n\n<p>Koulutamme suomeksi, ruotsiksi ja englanniksi.<\/p>\n\n\n\n<hr class=\"wp-block-separator has-text-color has-contrast-3-color has-alpha-channel-opacity has-contrast-3-background-color has-background\"\/>\n\n\n\n<h2 class=\"wp-block-heading\">Oppilaitokset ja korkeakoulut<\/h2>\n\n\n\n<p>Tarjoamme sukupuolen moninaisuuden ja seksuaalisen suuntautumisen perustietoutta koululuokille, opettajille ja vanhemmille. <\/p>\n\n\n\n<p><strong>Korkeakoulutasolla<\/strong> annamme syvennetty\u00e4 tietoutta, esimerkiksi v\u00e4hemmist\u00f6stressin ja antigender -liikkeen vaikutuksesta yksil\u00f6\u00f6n ja yhteiskuntaan laajemmin.<\/p>\n\n\n\n<p>Koulutamme my\u00f6s sosiaali- ja terveysalan opiskelijoita ja toimijoita sateenkaarikysymyksiss\u00e4 ja transihmisten kohtaamisessa terveydenhuollon p\u00e4ivitt\u00e4isess\u00e4 ty\u00f6ss\u00e4.<\/p>\n\n\n\n<h2 class=\"wp-block-heading\">Yritykset ja organisaatiot<\/h2>\n\n\n\n<p>Tarvitsetko yhdenvertaisuus- ja tasa-arvokoulutusta henkil\u00f6kunnallesi tai organisaatiollesi? Opetamme henkil\u00f6st\u00f6\u00e4 kohtaamaan sateenkaari- ja transihmisi\u00e4 ty\u00f6yhteis\u00f6ss\u00e4 ja asiakaskontakteissa sek\u00e4 johto- ett\u00e4 ty\u00f6ntekij\u00e4tasolla.<\/p>\n\n\n\n<p>Kysy yrityksille suunnatuista koulutuspaketeistamme!<\/p>\n\n\n\n<h2 class=\"wp-block-heading\">Julkiset toimijat ja seurat<\/h2>\n\n\n\n<p>Julkisille toimijoille annamme k\u00e4yt\u00e4nn\u00f6n tietoa esimerkiksi sukupuoleltaan moninaisten nuorten kohtaamisesta nuorisoty\u00f6ss\u00e4 tai terveydenhuollossa.<\/p>\n\n\n\n<p>Koulutettavia voivat olla my\u00f6s esimerkiksi urheiluseurat ja muut toimijat, jotka ovat tasa-arvo- ja yhdenvertaisuustiedon tarpeessa tai haluavat oppia kohtaamaan sateenkaari-ihmiset ja sukupuolen moninaisuuden paremmin p\u00e4ivitt\u00e4isess\u00e4 ty\u00f6ss\u00e4\u00e4n ja toiminnassaan. Konsultoimme my\u00f6s lyhyemmin esimerkiksi puhelimitse tai s\u00e4hk\u00f6postitse.<\/p>\n<\/div><\/div>\n<\/div><\/div>\n","protected":false},"excerpt":{"rendered":"<p>Tilaa juuri teille r\u00e4\u00e4t\u00e4l\u00f6ity koulutus! Kysy koulutuspaketeistamme lis\u00e4\u00e4 s\u00e4hk\u00f6postitse:info[a]transfeminiinit.fitanja[a]transfeminiinit.fi Koulutamme suomeksi, ruotsiksi ja englanniksi. Oppilaitokset ja korkeakoulut Tarjoamme sukupuolen moninaisuuden ja seksuaalisen suuntautumisen perustietoutta koululuokille, opettajille ja vanhemmille. Korkeakoulutasolla annamme syvennetty\u00e4 tietoutta, esimerkiksi v\u00e4hemmist\u00f6stressin ja antigender -liikkeen vaikutuksesta yksil\u00f6\u00f6n ja yhteiskuntaan laajemmin. Koulutamme my\u00f6s sosiaali- ja terveysalan opiskelijoita ja toimijoita sateenkaarikysymyksiss\u00e4 ja transihmisten kohtaamisessa terveydenhuollon &#8230; <a title=\"Koulutukset\" class=\"read-more\" href=\"https:\/\/www.transfeminiinit.fi\/index.php\/toiminta\/koulutukset\/\" aria-label=\"Lue lis\u00e4\u00e4 aiheesta Koulutukset\">Lue lis\u00e4\u00e4<\/a><\/p>\n","protected":false},"author":3,"featured_media":0,"parent":90,"menu_order":0,"comment_status":"closed","ping_status":"closed","template":"","meta":{"footnotes":""},"class_list":["post-97","page","type-page","status-publish"],"_links":{"self":[{"href":"https:\/\/www.transfeminiinit.fi\/index.php\/wp-json\/wp\/v2\/pages\/97","targetHints":{"allow":["GET"]}}],"collection":[{"href":"https:\/\/www.transfeminiinit.fi\/index.php\/wp-json\/wp\/v2\/pages"}],"about":[{"href":"https:\/\/www.transfeminiinit.fi\/index.php\/wp-json\/wp\/v2\/types\/page"}],"author":[{"embeddable":true,"href":"https:\/\/www.transfeminiinit.fi\/index.php\/wp-json\/wp\/v2\/users\/3"}],"replies":[{"embeddable":true,"href":"https:\/\/www.transfeminiinit.fi\/index.php\/wp-json\/wp\/v2\/comments?post=97"}],"version-history":[{"count":0,"href":"https:\/\/www.transfeminiinit.fi\/index.php\/wp-json\/wp\/v2\/pages\/97\/revisions"}],"up":[{"embeddable":true,"href":"https:\/\/www.transfeminiinit.fi\/index.php\/wp-json\/wp\/v2\/pages\/90"}],"wp:attachment":[{"href":"https:\/\/www.transfeminiinit.fi\/index.php\/wp-json\/wp\/v2\/media?parent=97"}],"curies":[{"name":"wp","href":"https:\/\/api.w.org\/{rel}","templated":true}]}}